{"id":836,"date":"2021-06-08T13:35:23","date_gmt":"2021-06-08T11:35:23","guid":{"rendered":"https:\/\/www.tuinenblondiau.be\/autres\/winteractiviteiten\/"},"modified":"2021-06-15T09:53:04","modified_gmt":"2021-06-15T07:53:04","slug":"activites-dhiver","status":"publish","type":"page","link":"https:\/\/www.tuinenblondiau.be\/fr\/autres\/activites-dhiver\/","title":{"rendered":"Activit\u00e9s d&rsquo;hiver"},"content":{"rendered":"<p><strong>Une excellente occasion &#8230;<\/strong><\/p>\n<p><strong>\u00a0<\/strong>Nous b\u00e9n\u00e9ficions en Belgique des hivers d\u00e9cents, avec des temp\u00e9ratures qui plongent r\u00e9guli\u00e8rement en dessous de z\u00e9ro. Le moment o\u00f9 les jardiniers entrent en hibernation vous pensez. Mais nos gars certainement pas! L&rsquo;hiver est en fait le moment id\u00e9al pour effectuer certains travaux et pour \u00e9laborer les projets futurs.<\/p>\n<p>En hiver, vous pouvez venir chez nous pour les choses suivantes :<\/p>\n<p>* Tailler ou enlever les arbustes<\/p>\n<p>* L&rsquo;abattage et \/ ou l\u2019\u00e9lagage des arbres<\/p>\n<p>* Clivage et le sciage du bois<\/p>\n<p>* Nettoyer les feuilles tomb\u00e9es<\/p>\n<p>* Faire le d\u00e9neigement des all\u00e9es, chemins, terrasses<\/p>\n<p>* L\u2019\u00e9pandage de sel<\/p>\n<p>* Faire des bonhommes de neige<\/p>\n<p>En plus vous pouvez profiter d&rsquo;une reduction d&rsquo;hiver \u00e0 10%<\/p>\n","protected":false},"excerpt":{"rendered":"<p>Une excellente occasion &#8230; \u00a0Nous b\u00e9n\u00e9ficions en Belgique des hivers&#8230;<\/p>\n","protected":false},"author":1,"featured_media":0,"parent":831,"menu_order":31,"comment_status":"closed","ping_status":"closed","template":"","meta":{"_acf_changed":false,"inline_featured_image":false,"footnotes":""},"class_list":["post-836","page","type-page","status-publish","hentry"],"acf":[],"yoast_head":"<!-- This site is optimized with the Yoast SEO plugin v27.0 - https:\/\/yoast.com\/product\/yoast-seo-wordpress\/ -->\n<title>Activit\u00e9s d&#039;hiver - Welkom - Tuinen Blondiau<\/title>\n<meta name=\"robots\" content=\"index, follow, max-snippet:-1, max-image-preview:large, max-video-preview:-1\" \/>\n<link rel=\"canonical\" href=\"https:\/\/www.tuinenblondiau.be\/fr\/autres\/activites-dhiver\/\" \/>\n<meta property=\"og:locale\" content=\"fr_FR\" \/>\n<meta property=\"og:type\" content=\"article\" \/>\n<meta property=\"og:title\" content=\"Activit\u00e9s d&#039;hiver - Welkom - Tuinen Blondiau\" \/>\n<meta property=\"og:description\" content=\"Une excellente occasion &#8230; \u00a0Nous b\u00e9n\u00e9ficions en Belgique des hivers...\" \/>\n<meta property=\"og:url\" content=\"https:\/\/www.tuinenblondiau.be\/fr\/autres\/activites-dhiver\/\" \/>\n<meta property=\"og:site_name\" content=\"Welkom - Tuinen Blondiau\" \/>\n<meta property=\"article:publisher\" content=\"https:\/\/www.facebook.com\/tuinenblondiau\/\" \/>\n<meta property=\"article:modified_time\" content=\"2021-06-15T07:53:04+00:00\" \/>\n<meta property=\"og:image\" content=\"https:\/\/www.tuinenblondiau.be\/wp-content\/uploads\/2021\/06\/logo.png\" \/>\n\t<meta property=\"og:image:width\" content=\"220\" \/>\n\t<meta property=\"og:image:height\" content=\"137\" \/>\n\t<meta property=\"og:image:type\" content=\"image\/png\" \/>\n<meta name=\"twitter:card\" content=\"summary_large_image\" \/>\n<meta name=\"twitter:label1\" content=\"Dur\u00e9e de lecture estim\u00e9e\" \/>\n\t<meta name=\"twitter:data1\" content=\"1 minute\" \/>\n<script type=\"application\/ld+json\" class=\"yoast-schema-graph\">{\"@context\":\"https:\/\/schema.org\",\"@graph\":[{\"@type\":\"WebPage\",\"@id\":\"https:\/\/www.tuinenblondiau.be\/fr\/autres\/activites-dhiver\/\",\"url\":\"https:\/\/www.tuinenblondiau.be\/fr\/autres\/activites-dhiver\/\",\"name\":\"Activit\u00e9s d'hiver - Welkom - Tuinen Blondiau\",\"isPartOf\":{\"@id\":\"https:\/\/www.tuinenblondiau.be\/nl\/#website\"},\"datePublished\":\"2021-06-08T11:35:23+00:00\",\"dateModified\":\"2021-06-15T07:53:04+00:00\",\"breadcrumb\":{\"@id\":\"https:\/\/www.tuinenblondiau.be\/fr\/autres\/activites-dhiver\/#breadcrumb\"},\"inLanguage\":\"fr-FR\",\"potentialAction\":[{\"@type\":\"ReadAction\",\"target\":[\"https:\/\/www.tuinenblondiau.be\/fr\/autres\/activites-dhiver\/\"]}]},{\"@type\":\"BreadcrumbList\",\"@id\":\"https:\/\/www.tuinenblondiau.be\/fr\/autres\/activites-dhiver\/#breadcrumb\",\"itemListElement\":[{\"@type\":\"ListItem\",\"position\":1,\"name\":\"Start\",\"item\":\"https:\/\/www.tuinenblondiau.be\/fr\/\"},{\"@type\":\"ListItem\",\"position\":2,\"name\":\"Autres\",\"item\":\"https:\/\/www.tuinenblondiau.be\/fr\/autres\/\"},{\"@type\":\"ListItem\",\"position\":3,\"name\":\"Activit\u00e9s d&rsquo;hiver\"}]},{\"@type\":\"WebSite\",\"@id\":\"https:\/\/www.tuinenblondiau.be\/nl\/#website\",\"url\":\"https:\/\/www.tuinenblondiau.be\/nl\/\",\"name\":\"Welkom - Tuinen Blondiau\",\"description\":\"Tuinonderneming Blondiau is opgericht in 1997 als eenmanszaak en is nu hedendaags uitgegroeid als bvba waarbij drie erkende aannemers Johan , Jens en Pieter uw tuindromen realiseren\",\"publisher\":{\"@id\":\"https:\/\/www.tuinenblondiau.be\/nl\/#organization\"},\"potentialAction\":[{\"@type\":\"SearchAction\",\"target\":{\"@type\":\"EntryPoint\",\"urlTemplate\":\"https:\/\/www.tuinenblondiau.be\/nl\/?s={search_term_string}\"},\"query-input\":{\"@type\":\"PropertyValueSpecification\",\"valueRequired\":true,\"valueName\":\"search_term_string\"}}],\"inLanguage\":\"fr-FR\"},{\"@type\":\"Organization\",\"@id\":\"https:\/\/www.tuinenblondiau.be\/nl\/#organization\",\"name\":\"Tuinen Blondiau\",\"url\":\"https:\/\/www.tuinenblondiau.be\/nl\/\",\"logo\":{\"@type\":\"ImageObject\",\"inLanguage\":\"fr-FR\",\"@id\":\"https:\/\/www.tuinenblondiau.be\/nl\/#\/schema\/logo\/image\/\",\"url\":\"https:\/\/www.tuinenblondiau.be\/wp-content\/uploads\/2021\/06\/logo.png\",\"contentUrl\":\"https:\/\/www.tuinenblondiau.be\/wp-content\/uploads\/2021\/06\/logo.png\",\"width\":220,\"height\":137,\"caption\":\"Tuinen Blondiau\"},\"image\":{\"@id\":\"https:\/\/www.tuinenblondiau.be\/nl\/#\/schema\/logo\/image\/\"},\"sameAs\":[\"https:\/\/www.facebook.com\/tuinenblondiau\/\"]}]}<\/script>\n<!-- \/ Yoast SEO plugin. -->","yoast_head_json":{"title":"Activit\u00e9s d'hiver - Welkom - Tuinen Blondiau","robots":{"index":"index","follow":"follow","max-snippet":"max-snippet:-1","max-image-preview":"max-image-preview:large","max-video-preview":"max-video-preview:-1"},"canonical":"https:\/\/www.tuinenblondiau.be\/fr\/autres\/activites-dhiver\/","og_locale":"fr_FR","og_type":"article","og_title":"Activit\u00e9s d'hiver - Welkom - Tuinen Blondiau","og_description":"Une excellente occasion &#8230; \u00a0Nous b\u00e9n\u00e9ficions en Belgique des hivers...","og_url":"https:\/\/www.tuinenblondiau.be\/fr\/autres\/activites-dhiver\/","og_site_name":"Welkom - Tuinen Blondiau","article_publisher":"https:\/\/www.facebook.com\/tuinenblondiau\/","article_modified_time":"2021-06-15T07:53:04+00:00","og_image":[{"width":220,"height":137,"url":"https:\/\/www.tuinenblondiau.be\/wp-content\/uploads\/2021\/06\/logo.png","type":"image\/png"}],"twitter_card":"summary_large_image","twitter_misc":{"Dur\u00e9e de lecture estim\u00e9e":"1 minute"},"schema":{"@context":"https:\/\/schema.org","@graph":[{"@type":"WebPage","@id":"https:\/\/www.tuinenblondiau.be\/fr\/autres\/activites-dhiver\/","url":"https:\/\/www.tuinenblondiau.be\/fr\/autres\/activites-dhiver\/","name":"Activit\u00e9s d'hiver - Welkom - Tuinen Blondiau","isPartOf":{"@id":"https:\/\/www.tuinenblondiau.be\/nl\/#website"},"datePublished":"2021-06-08T11:35:23+00:00","dateModified":"2021-06-15T07:53:04+00:00","breadcrumb":{"@id":"https:\/\/www.tuinenblondiau.be\/fr\/autres\/activites-dhiver\/#breadcrumb"},"inLanguage":"fr-FR","potentialAction":[{"@type":"ReadAction","target":["https:\/\/www.tuinenblondiau.be\/fr\/autres\/activites-dhiver\/"]}]},{"@type":"BreadcrumbList","@id":"https:\/\/www.tuinenblondiau.be\/fr\/autres\/activites-dhiver\/#breadcrumb","itemListElement":[{"@type":"ListItem","position":1,"name":"Start","item":"https:\/\/www.tuinenblondiau.be\/fr\/"},{"@type":"ListItem","position":2,"name":"Autres","item":"https:\/\/www.tuinenblondiau.be\/fr\/autres\/"},{"@type":"ListItem","position":3,"name":"Activit\u00e9s d&rsquo;hiver"}]},{"@type":"WebSite","@id":"https:\/\/www.tuinenblondiau.be\/nl\/#website","url":"https:\/\/www.tuinenblondiau.be\/nl\/","name":"Welkom - Tuinen Blondiau","description":"Tuinonderneming Blondiau is opgericht in 1997 als eenmanszaak en is nu hedendaags uitgegroeid als bvba waarbij drie erkende aannemers Johan , Jens en Pieter uw tuindromen realiseren","publisher":{"@id":"https:\/\/www.tuinenblondiau.be\/nl\/#organization"},"potentialAction":[{"@type":"SearchAction","target":{"@type":"EntryPoint","urlTemplate":"https:\/\/www.tuinenblondiau.be\/nl\/?s={search_term_string}"},"query-input":{"@type":"PropertyValueSpecification","valueRequired":true,"valueName":"search_term_string"}}],"inLanguage":"fr-FR"},{"@type":"Organization","@id":"https:\/\/www.tuinenblondiau.be\/nl\/#organization","name":"Tuinen Blondiau","url":"https:\/\/www.tuinenblondiau.be\/nl\/","logo":{"@type":"ImageObject","inLanguage":"fr-FR","@id":"https:\/\/www.tuinenblondiau.be\/nl\/#\/schema\/logo\/image\/","url":"https:\/\/www.tuinenblondiau.be\/wp-content\/uploads\/2021\/06\/logo.png","contentUrl":"https:\/\/www.tuinenblondiau.be\/wp-content\/uploads\/2021\/06\/logo.png","width":220,"height":137,"caption":"Tuinen Blondiau"},"image":{"@id":"https:\/\/www.tuinenblondiau.be\/nl\/#\/schema\/logo\/image\/"},"sameAs":["https:\/\/www.facebook.com\/tuinenblondiau\/"]}]}},"_links":{"self":[{"href":"https:\/\/www.tuinenblondiau.be\/fr\/wp-json\/wp\/v2\/pages\/836","targetHints":{"allow":["GET"]}}],"collection":[{"href":"https:\/\/www.tuinenblondiau.be\/fr\/wp-json\/wp\/v2\/pages"}],"about":[{"href":"https:\/\/www.tuinenblondiau.be\/fr\/wp-json\/wp\/v2\/types\/page"}],"author":[{"embeddable":true,"href":"https:\/\/www.tuinenblondiau.be\/fr\/wp-json\/wp\/v2\/users\/1"}],"replies":[{"embeddable":true,"href":"https:\/\/www.tuinenblondiau.be\/fr\/wp-json\/wp\/v2\/comments?post=836"}],"version-history":[{"count":0,"href":"https:\/\/www.tuinenblondiau.be\/fr\/wp-json\/wp\/v2\/pages\/836\/revisions"}],"up":[{"embeddable":true,"href":"https:\/\/www.tuinenblondiau.be\/fr\/wp-json\/wp\/v2\/pages\/831"}],"wp:attachment":[{"href":"https:\/\/www.tuinenblondiau.be\/fr\/wp-json\/wp\/v2\/media?parent=836"}],"curies":[{"name":"wp","href":"https:\/\/api.w.org\/{rel}","templated":true}]}}