{"id":833,"date":"2021-06-08T13:34:49","date_gmt":"2021-06-08T11:34:49","guid":{"rendered":"https:\/\/www.tuinenblondiau.be\/autres\/klinkers-natuursteen\/"},"modified":"2021-06-15T09:51:30","modified_gmt":"2021-06-15T07:51:30","slug":"klinkers-et-pierres-naturelles","status":"publish","type":"page","link":"https:\/\/www.tuinenblondiau.be\/fr\/autres\/klinkers-et-pierres-naturelles\/","title":{"rendered":"Klinkers et pierres naturelles"},"content":{"rendered":"<p><strong>Qualit\u00e9 et innovation\u2026<\/strong><\/p>\n<p><strong>\u00a0<\/strong>Au fil des ans, nous avons commenc\u00e9 \u00e0 chercher des fournisseurs qui offrent des produits durables et contemporains. Au cours de cette recherche, nous avons \u00e9galement tenu compte de la qualit\u00e9 \/ prix. Ainsi, nous garantissons un produit final fiable.<\/p>\n<p>Les demandes des clients d&rsquo;aujourd&rsquo;hui sont beaucoup plus \u00e9lev\u00e9s qu&rsquo;il ya quelques ann\u00e9es. Donc, nous nous occupons de notre part que ces demandes atteignent le fabricant \/ fournisseur. Avec du feedback mutuel entre nous, comme installateur agr\u00e9\u00e9 et notre producteur \/ fournisseur, on a une collaboration pour obtenir un produit final solide.<\/p>\n<p><strong>\u2018The way to your dreams\u2019<\/strong><\/p>\n<p><strong>\u00a0<\/strong>Le slogan de Stone &amp; Style, un fabricant belge et pionnier dans les mat\u00e9riaux en b\u00e9ton. Ici nous portent fi\u00e8rement le titre d\u2019installateurn agr\u00e9e. Leur atout vers des produits est certainement la couleur et la constance de taille des carreaux. Ceci parce que les couleurs sont faites avec des colorants naturels.<\/p>\n<p>Ce que nous utilisons certainement est leur bonne coop\u00e9ration et le paquet total dans l\u2019am\u00e9nagement du jardin. La gamme couvre \u00e0 peu pr\u00e8s tout ce qu&rsquo;on peut penser en am\u00e9nagement du jardinage d\u2019aujourd\u2019hui et si ce n\u2019est pas l\u00e0, alors personnalisation est possible.<\/p>\n<p><strong>Brochures<\/strong><\/p>\n<ul>\n<li><a title=\"Annex_Megaconcrete_NL.pdf\" href=\"https:\/\/www.tuinenblondiau.be\/wp-content\/uploads\/2021\/06\/Annex_Megaconcrete_NL-1.pdf\" target=\"_blank\" rel=\"noopener\">Annex Megaconcrete<\/a><\/li>\n<li><a title=\"Annex_Concrete_NL.pdf\" href=\"https:\/\/www.tuinenblondiau.be\/wp-content\/uploads\/2021\/06\/Annex_Concrete_NL.pdf\" target=\"_blank\" rel=\"noopener\">Annex Concrete<\/a><\/li>\n<li><a title=\"CatalogusZnatuursteen.pdf\" href=\"https:\/\/www.tuinenblondiau.be\/wp-content\/uploads\/2021\/06\/CatalogusZnatuursteen.pdf\" target=\"_blank\" rel=\"noopener\">Catalogus Natuursteen<\/a><\/li>\n<li><a title=\"Concrete_NL_2014.pdf\" href=\"https:\/\/www.tuinenblondiau.be\/wp-content\/uploads\/2021\/06\/Concrete_NL_2014.pdf\" target=\"_blank\" rel=\"noopener\">Concrete NL<\/a><\/li>\n<li><a title=\"InfoficheZZEB001ZReinigingZenZonderhoudZvanZbetonstraatstenenZenZbetontegels_1.pdf\" href=\"https:\/\/www.tuinenblondiau.be\/wp-content\/uploads\/2021\/06\/InfoficheZZEB001ZReinigingZenZonderhoudZvanZbetonstraatstenenZenZbetontegels_1.pdf\" target=\"_blank\" rel=\"noopener\">Infofiche EB001 Reiniging en onderhoud van betonstraatstenen en betontegels<\/a><\/li>\n<li><a title=\"Megaconcrete_NL_2014.pdf\" href=\"https:\/\/www.tuinenblondiau.be\/wp-content\/uploads\/2021\/06\/Megaconcrete_NL_2014.pdf\" target=\"_blank\" rel=\"noopener\">Megaconcrete NL 2014<\/a><\/li>\n<li><a title=\"Megasmooth_de_kracht_van_fluweelzacht.pdf\" href=\"https:\/\/www.tuinenblondiau.be\/wp-content\/uploads\/2021\/06\/Megasmooth_de_kracht_van_fluweelzacht.pdf\" target=\"_blank\" rel=\"noopener\">Megasmooth &#8211; De kracht van fluweelzacht<\/a><\/li>\n<\/ul>\n<p><iframe loading=\"lazy\" src=\"https:\/\/player.vimeo.com\/video\/118240876?portrait=0\" width=\"500px\" height=\"300px\" frameborder=\"0\" scrolling=\"no\" allowfullscreen=\"allowfullscreen\"><span data-mce-type=\"bookmark\" style=\"display: inline-block; width: 0px; overflow: hidden; line-height: 0;\" class=\"mce_SELRES_start\">\ufeff<\/span><\/iframe><\/p>\n","protected":false},"excerpt":{"rendered":"<p>Qualit\u00e9 et innovation\u2026 \u00a0Au fil des ans, nous avons commenc\u00e9&#8230;<\/p>\n","protected":false},"author":1,"featured_media":0,"parent":831,"menu_order":30,"comment_status":"closed","ping_status":"closed","template":"","meta":{"_acf_changed":false,"inline_featured_image":false,"footnotes":""},"class_list":["post-833","page","type-page","status-publish","hentry"],"acf":[],"yoast_head":"<!-- This site is optimized with the Yoast SEO plugin v27.0 - https:\/\/yoast.com\/product\/yoast-seo-wordpress\/ -->\n<title>Klinkers et pierres naturelles - Welkom - Tuinen Blondiau<\/title>\n<meta name=\"robots\" content=\"index, follow, max-snippet:-1, max-image-preview:large, max-video-preview:-1\" \/>\n<link rel=\"canonical\" href=\"https:\/\/www.tuinenblondiau.be\/fr\/autres\/klinkers-et-pierres-naturelles\/\" \/>\n<meta property=\"og:locale\" content=\"fr_FR\" \/>\n<meta property=\"og:type\" content=\"article\" \/>\n<meta property=\"og:title\" content=\"Klinkers et pierres naturelles - Welkom - Tuinen Blondiau\" \/>\n<meta property=\"og:description\" content=\"Qualit\u00e9 et innovation\u2026 \u00a0Au fil des ans, nous avons commenc\u00e9...\" \/>\n<meta property=\"og:url\" content=\"https:\/\/www.tuinenblondiau.be\/fr\/autres\/klinkers-et-pierres-naturelles\/\" \/>\n<meta property=\"og:site_name\" content=\"Welkom - Tuinen Blondiau\" \/>\n<meta property=\"article:publisher\" content=\"https:\/\/www.facebook.com\/tuinenblondiau\/\" \/>\n<meta property=\"article:modified_time\" content=\"2021-06-15T07:51:30+00:00\" \/>\n<meta property=\"og:image\" content=\"https:\/\/www.tuinenblondiau.be\/wp-content\/uploads\/2021\/06\/logo.png\" \/>\n\t<meta property=\"og:image:width\" content=\"220\" \/>\n\t<meta property=\"og:image:height\" content=\"137\" \/>\n\t<meta property=\"og:image:type\" content=\"image\/png\" \/>\n<meta name=\"twitter:card\" content=\"summary_large_image\" \/>\n<meta name=\"twitter:label1\" content=\"Dur\u00e9e de lecture estim\u00e9e\" \/>\n\t<meta name=\"twitter:data1\" content=\"1 minute\" \/>\n<script type=\"application\/ld+json\" class=\"yoast-schema-graph\">{\"@context\":\"https:\/\/schema.org\",\"@graph\":[{\"@type\":\"WebPage\",\"@id\":\"https:\/\/www.tuinenblondiau.be\/fr\/autres\/klinkers-et-pierres-naturelles\/\",\"url\":\"https:\/\/www.tuinenblondiau.be\/fr\/autres\/klinkers-et-pierres-naturelles\/\",\"name\":\"Klinkers et pierres naturelles - Welkom - Tuinen Blondiau\",\"isPartOf\":{\"@id\":\"https:\/\/www.tuinenblondiau.be\/nl\/#website\"},\"datePublished\":\"2021-06-08T11:34:49+00:00\",\"dateModified\":\"2021-06-15T07:51:30+00:00\",\"breadcrumb\":{\"@id\":\"https:\/\/www.tuinenblondiau.be\/fr\/autres\/klinkers-et-pierres-naturelles\/#breadcrumb\"},\"inLanguage\":\"fr-FR\",\"potentialAction\":[{\"@type\":\"ReadAction\",\"target\":[\"https:\/\/www.tuinenblondiau.be\/fr\/autres\/klinkers-et-pierres-naturelles\/\"]}]},{\"@type\":\"BreadcrumbList\",\"@id\":\"https:\/\/www.tuinenblondiau.be\/fr\/autres\/klinkers-et-pierres-naturelles\/#breadcrumb\",\"itemListElement\":[{\"@type\":\"ListItem\",\"position\":1,\"name\":\"Start\",\"item\":\"https:\/\/www.tuinenblondiau.be\/fr\/\"},{\"@type\":\"ListItem\",\"position\":2,\"name\":\"Autres\",\"item\":\"https:\/\/www.tuinenblondiau.be\/fr\/autres\/\"},{\"@type\":\"ListItem\",\"position\":3,\"name\":\"Klinkers et pierres naturelles\"}]},{\"@type\":\"WebSite\",\"@id\":\"https:\/\/www.tuinenblondiau.be\/nl\/#website\",\"url\":\"https:\/\/www.tuinenblondiau.be\/nl\/\",\"name\":\"Welkom - Tuinen Blondiau\",\"description\":\"Tuinonderneming Blondiau is opgericht in 1997 als eenmanszaak en is nu hedendaags uitgegroeid als bvba waarbij drie erkende aannemers Johan , Jens en Pieter uw tuindromen realiseren\",\"publisher\":{\"@id\":\"https:\/\/www.tuinenblondiau.be\/nl\/#organization\"},\"potentialAction\":[{\"@type\":\"SearchAction\",\"target\":{\"@type\":\"EntryPoint\",\"urlTemplate\":\"https:\/\/www.tuinenblondiau.be\/nl\/?s={search_term_string}\"},\"query-input\":{\"@type\":\"PropertyValueSpecification\",\"valueRequired\":true,\"valueName\":\"search_term_string\"}}],\"inLanguage\":\"fr-FR\"},{\"@type\":\"Organization\",\"@id\":\"https:\/\/www.tuinenblondiau.be\/nl\/#organization\",\"name\":\"Tuinen Blondiau\",\"url\":\"https:\/\/www.tuinenblondiau.be\/nl\/\",\"logo\":{\"@type\":\"ImageObject\",\"inLanguage\":\"fr-FR\",\"@id\":\"https:\/\/www.tuinenblondiau.be\/nl\/#\/schema\/logo\/image\/\",\"url\":\"https:\/\/www.tuinenblondiau.be\/wp-content\/uploads\/2021\/06\/logo.png\",\"contentUrl\":\"https:\/\/www.tuinenblondiau.be\/wp-content\/uploads\/2021\/06\/logo.png\",\"width\":220,\"height\":137,\"caption\":\"Tuinen Blondiau\"},\"image\":{\"@id\":\"https:\/\/www.tuinenblondiau.be\/nl\/#\/schema\/logo\/image\/\"},\"sameAs\":[\"https:\/\/www.facebook.com\/tuinenblondiau\/\"]}]}<\/script>\n<!-- \/ Yoast SEO plugin. -->","yoast_head_json":{"title":"Klinkers et pierres naturelles - Welkom - Tuinen Blondiau","robots":{"index":"index","follow":"follow","max-snippet":"max-snippet:-1","max-image-preview":"max-image-preview:large","max-video-preview":"max-video-preview:-1"},"canonical":"https:\/\/www.tuinenblondiau.be\/fr\/autres\/klinkers-et-pierres-naturelles\/","og_locale":"fr_FR","og_type":"article","og_title":"Klinkers et pierres naturelles - Welkom - Tuinen Blondiau","og_description":"Qualit\u00e9 et innovation\u2026 \u00a0Au fil des ans, nous avons commenc\u00e9...","og_url":"https:\/\/www.tuinenblondiau.be\/fr\/autres\/klinkers-et-pierres-naturelles\/","og_site_name":"Welkom - Tuinen Blondiau","article_publisher":"https:\/\/www.facebook.com\/tuinenblondiau\/","article_modified_time":"2021-06-15T07:51:30+00:00","og_image":[{"width":220,"height":137,"url":"https:\/\/www.tuinenblondiau.be\/wp-content\/uploads\/2021\/06\/logo.png","type":"image\/png"}],"twitter_card":"summary_large_image","twitter_misc":{"Dur\u00e9e de lecture estim\u00e9e":"1 minute"},"schema":{"@context":"https:\/\/schema.org","@graph":[{"@type":"WebPage","@id":"https:\/\/www.tuinenblondiau.be\/fr\/autres\/klinkers-et-pierres-naturelles\/","url":"https:\/\/www.tuinenblondiau.be\/fr\/autres\/klinkers-et-pierres-naturelles\/","name":"Klinkers et pierres naturelles - Welkom - Tuinen Blondiau","isPartOf":{"@id":"https:\/\/www.tuinenblondiau.be\/nl\/#website"},"datePublished":"2021-06-08T11:34:49+00:00","dateModified":"2021-06-15T07:51:30+00:00","breadcrumb":{"@id":"https:\/\/www.tuinenblondiau.be\/fr\/autres\/klinkers-et-pierres-naturelles\/#breadcrumb"},"inLanguage":"fr-FR","potentialAction":[{"@type":"ReadAction","target":["https:\/\/www.tuinenblondiau.be\/fr\/autres\/klinkers-et-pierres-naturelles\/"]}]},{"@type":"BreadcrumbList","@id":"https:\/\/www.tuinenblondiau.be\/fr\/autres\/klinkers-et-pierres-naturelles\/#breadcrumb","itemListElement":[{"@type":"ListItem","position":1,"name":"Start","item":"https:\/\/www.tuinenblondiau.be\/fr\/"},{"@type":"ListItem","position":2,"name":"Autres","item":"https:\/\/www.tuinenblondiau.be\/fr\/autres\/"},{"@type":"ListItem","position":3,"name":"Klinkers et pierres naturelles"}]},{"@type":"WebSite","@id":"https:\/\/www.tuinenblondiau.be\/nl\/#website","url":"https:\/\/www.tuinenblondiau.be\/nl\/","name":"Welkom - Tuinen Blondiau","description":"Tuinonderneming Blondiau is opgericht in 1997 als eenmanszaak en is nu hedendaags uitgegroeid als bvba waarbij drie erkende aannemers Johan , Jens en Pieter uw tuindromen realiseren","publisher":{"@id":"https:\/\/www.tuinenblondiau.be\/nl\/#organization"},"potentialAction":[{"@type":"SearchAction","target":{"@type":"EntryPoint","urlTemplate":"https:\/\/www.tuinenblondiau.be\/nl\/?s={search_term_string}"},"query-input":{"@type":"PropertyValueSpecification","valueRequired":true,"valueName":"search_term_string"}}],"inLanguage":"fr-FR"},{"@type":"Organization","@id":"https:\/\/www.tuinenblondiau.be\/nl\/#organization","name":"Tuinen Blondiau","url":"https:\/\/www.tuinenblondiau.be\/nl\/","logo":{"@type":"ImageObject","inLanguage":"fr-FR","@id":"https:\/\/www.tuinenblondiau.be\/nl\/#\/schema\/logo\/image\/","url":"https:\/\/www.tuinenblondiau.be\/wp-content\/uploads\/2021\/06\/logo.png","contentUrl":"https:\/\/www.tuinenblondiau.be\/wp-content\/uploads\/2021\/06\/logo.png","width":220,"height":137,"caption":"Tuinen Blondiau"},"image":{"@id":"https:\/\/www.tuinenblondiau.be\/nl\/#\/schema\/logo\/image\/"},"sameAs":["https:\/\/www.facebook.com\/tuinenblondiau\/"]}]}},"_links":{"self":[{"href":"https:\/\/www.tuinenblondiau.be\/fr\/wp-json\/wp\/v2\/pages\/833","targetHints":{"allow":["GET"]}}],"collection":[{"href":"https:\/\/www.tuinenblondiau.be\/fr\/wp-json\/wp\/v2\/pages"}],"about":[{"href":"https:\/\/www.tuinenblondiau.be\/fr\/wp-json\/wp\/v2\/types\/page"}],"author":[{"embeddable":true,"href":"https:\/\/www.tuinenblondiau.be\/fr\/wp-json\/wp\/v2\/users\/1"}],"replies":[{"embeddable":true,"href":"https:\/\/www.tuinenblondiau.be\/fr\/wp-json\/wp\/v2\/comments?post=833"}],"version-history":[{"count":0,"href":"https:\/\/www.tuinenblondiau.be\/fr\/wp-json\/wp\/v2\/pages\/833\/revisions"}],"up":[{"embeddable":true,"href":"https:\/\/www.tuinenblondiau.be\/fr\/wp-json\/wp\/v2\/pages\/831"}],"wp:attachment":[{"href":"https:\/\/www.tuinenblondiau.be\/fr\/wp-json\/wp\/v2\/media?parent=833"}],"curies":[{"name":"wp","href":"https:\/\/api.w.org\/{rel}","templated":true}]}}