{"id":816,"date":"2021-06-08T13:32:08","date_gmt":"2021-06-08T11:32:08","guid":{"rendered":"https:\/\/www.tuinenblondiau.be\/diensten\/zwembaden\/"},"modified":"2021-06-15T09:28:43","modified_gmt":"2021-06-15T07:28:43","slug":"piscines-etangs","status":"publish","type":"page","link":"https:\/\/www.tuinenblondiau.be\/fr\/diensten\/piscines-etangs\/","title":{"rendered":"Piscines (\u00e9tangs)"},"content":{"rendered":"<h1>Piscines (\u00e9tangs)<\/h1>\n<h2>Votre partenaire pour l&rsquo;installation de piscines, de bassins de natation et de bien-\u00eatre chez vous<\/h2>\n<p>L\u2019entreprise Tuinen Blondiau \u00e0 Dworp exerce ses activit\u00e9s dans le secteur de l\u2019am\u00e9nagement des jardins depuis plus de 25\u00a0ans et a acquis une grande connaissance de la construction et de la pose de fondations au cours de cette p\u00e9riode. Ce savoir-faire s\u2019applique \u00e9galement \u00e0 la conception de piscines et de bassins de baignade, jacuzzis, spa, infrarouges et autres installations de bien-\u00eatre.<\/p>\n<p>Voulez-vous installer une piscine ou un \u00e9tang de baignade dans votre jardin\u00a0? Am\u00e9nager un nouveau jardin autour de votre piscine afin de vraiment cr\u00e9er une oasis de tranquillit\u00e9\u00a0? Ou vous r\u00eavez depuis longtemps d&rsquo;un jacuzzi ou d&rsquo;un sauna\u00a0? Engagez Tuinen Blondiau. Nous serions heureux de vous rendre visite pour discuter du projet dans sa globalit\u00e9, prendre des mesures et \u00e9laborer un devis non contraignant. Nous vous donnons des conseils professionnels pour vous aider \u00e0 r\u00e9aliser votre r\u00eave.<\/p>\n<p><iframe loading=\"lazy\" title=\"vimeo-player\" src=\"https:\/\/player.vimeo.com\/video\/242703586\" width=\"640\" height=\"360\" frameborder=\"0\" allowfullscreen=\"allowfullscreen\"><span data-mce-type=\"bookmark\" style=\"display: inline-block; margin: 0 auto; width: 0px; overflow: hidden; line-height: 0;\" class=\"mce_SELRES_start\"><span data-mce-type=\"bookmark\" style=\"display: inline-block; width: 0px; overflow: hidden; line-height: 0;\" class=\"mce_SELRES_start\">\ufeff<\/span>\ufeff<\/span><\/iframe><\/p>\n<h3>Piscines architecturales (\u00e9tangs)<\/h3>\n<p>Lors de l&rsquo;installation d&rsquo;une piscine ou d&rsquo;un bassin de baignade, nous installons d&rsquo;abord une structure en b\u00e9ton arm\u00e9. Pour assurer une longue dur\u00e9e de vie, une longue p\u00e9riode de s\u00e9chage est n\u00e9cessaire. Mais une fois termin\u00e9, vous profiterez de nombreuses ann\u00e9es de plaisir de nage!<\/p>\n<p><strong>Une construction architecturale\u00a0? Que des avantages\u00a0!<\/strong><\/p>\n<ul>\n<li>Vous choisissez la technologie de piscine la plus durable du march\u00e9 et vous b\u00e9n\u00e9ficiez d&rsquo;une\u00a0<strong>garantie de 10\u00a0ans<\/strong>\u00a0sur la structure en b\u00e9ton.<\/li>\n<li>La piscine ou le bassin de baignade est enti\u00e8rement r\u00e9alis\u00e9 sur mesure. Toutes les dimensions sont possibles.<\/li>\n<li>Vous pouvez couvrir compl\u00e8tement la structure et faire installer le volet roulant dans la structure.<\/li>\n<li>La structure est parfaitement int\u00e9gr\u00e9e au sol ou partiellement pos\u00e9e en surface.<\/li>\n<li>Vous pouvez choisir parmi une grande vari\u00e9t\u00e9 d&rsquo;options de finition, du liner au look b\u00e9ton, en passant par le polyester.<\/li>\n<li>Votre piscine ou votre bassin de baignade cr\u00e9e une valeur ajout\u00e9e architecturale pour votre propri\u00e9t\u00e9.<\/li>\n<\/ul>\n<h3><strong>CHOISISSEZ LA BONNE FINITION<\/strong><\/h3>\n<p>L&rsquo;\u00e9quipe de Tuinen Blondiau est heureuse de vous guider tout au long du projet. \u00c0 partir du moment o\u00f9 vous prenez la d\u00e9cision de construire une piscine ou un \u00e9tang de baignade, en passant par la phase de conception et le choix des \u00e9chantillons. Nous organisons des visites de sites afin que vous ayez une id\u00e9e visuelle de ce que nous pouvons faire pour vous \u00e0 l\u2019avance.<\/p>\n<p>Une finition sur mesure est requise pour une piscine architecturale enti\u00e8rement install\u00e9e selon vos souhaits. Vous choisissez la couleur, le mat\u00e9riau et la finition.\u00a0 Vous pouvez travailler avec une doublure ou une pierre de couverture et \u00e9galement pr\u00e9voir un volet roulant ou une douche.<\/p>\n<p><img loading=\"lazy\" decoding=\"async\" class=\"alignnone size-full wp-image-723\" src=\"https:\/\/www.tuinenblondiau.be\/wp-content\/uploads\/2021\/06\/phpThumb.jpg\" alt=\"\" width=\"498\" height=\"278\" srcset=\"https:\/\/www.tuinenblondiau.be\/wp-content\/uploads\/2021\/06\/phpThumb.jpg 498w, https:\/\/www.tuinenblondiau.be\/wp-content\/uploads\/2021\/06\/phpThumb-300x167.jpg 300w\" sizes=\"auto, (max-width: 498px) 100vw, 498px\" \/><\/p>\n<h3><strong>JACUZZI, SPA, SAUNA &#8230; BIEN-\u00caTRE\u00a0!<\/strong><\/h3>\n<p>Vous r\u00eavez d&rsquo;installer un sauna ou un jacuzzi en plus de votre piscine ou de votre \u00e9tang de baignade\u00a0? Alors, choisissez \u00e9galement Tuinen Blondiau pour son exp\u00e9rience et son savoir-faire.<\/p>\n<p>Nous travaillons avec diff\u00e9rents fournisseurs, ce qui vous permet de tester le sauna ou le jacuzzi \u00e0 l&rsquo;avance. Nous sommes heureux de vous donner des conseils professionnels et de discuter des diff\u00e9rentes options avec vous.<\/p>\n<p><strong>Un jacuzzi ou un sauna est b\u00e9n\u00e9fique<\/strong><\/p>\n<p>Seulement quinze minutes par jour\u00a0pour :<\/p>\n<ul>\n<li>Stimuler la production de dopamine et d&rsquo;endorphines (hormone du bonheur et analg\u00e9sique naturel).<\/li>\n<li>R\u00e9duire le niveau de stress.<\/li>\n<li>Permettre une am\u00e9lioration remarquable de la circulation sanguine.<\/li>\n<li>Acc\u00e9l\u00e9rer le processus de gu\u00e9rison des maux.<\/li>\n<li>Et vous offrir du temps de qualit\u00e9 absolue avec votre famille\u00a0!<\/li>\n<\/ul>\n<h3><strong>NOS ATOUTS<\/strong><\/h3>\n<p><img loading=\"lazy\" decoding=\"async\" class=\"alignnone size-full wp-image-724\" src=\"https:\/\/www.tuinenblondiau.be\/wp-content\/uploads\/2021\/06\/troeven.gif\" alt=\"\" width=\"350\" height=\"208\" \/><\/p>\n<ul>\n<li>Nous optons pour une approche personnelle.<\/li>\n<li>Votre personne de contact lors de la premi\u00e8re r\u00e9union est \u00e9galement le responsable du site pendant le projet.<\/li>\n<li>Nous effectuons tous les travaux en interne. Des travaux de terrassement, \u00e9laboration de la structure, de l&rsquo;installation \u00e0 la finition int\u00e9grale.<\/li>\n<li>Nous r\u00e9alisons des projets pour des particuliers, des gouvernements et des espaces publics depuis plus de 25\u00a0ans. Pour cette raison, nous avons acquis une bonne r\u00e9putation dans la r\u00e9gion.<\/li>\n<\/ul>\n","protected":false},"excerpt":{"rendered":"<p>Piscines (\u00e9tangs) Votre partenaire pour l&rsquo;installation de piscines, de bassins&#8230;<\/p>\n","protected":false},"author":1,"featured_media":0,"parent":800,"menu_order":17,"comment_status":"closed","ping_status":"closed","template":"","meta":{"_acf_changed":false,"inline_featured_image":false,"footnotes":""},"class_list":["post-816","page","type-page","status-publish","hentry"],"acf":[],"yoast_head":"<!-- This site is optimized with the Yoast SEO plugin v27.0 - https:\/\/yoast.com\/product\/yoast-seo-wordpress\/ -->\n<title>Piscines (\u00e9tangs) - Welkom - Tuinen Blondiau<\/title>\n<meta name=\"robots\" content=\"index, follow, max-snippet:-1, max-image-preview:large, max-video-preview:-1\" \/>\n<link rel=\"canonical\" href=\"https:\/\/www.tuinenblondiau.be\/fr\/diensten\/piscines-etangs\/\" \/>\n<meta property=\"og:locale\" content=\"fr_FR\" \/>\n<meta property=\"og:type\" content=\"article\" \/>\n<meta property=\"og:title\" content=\"Piscines (\u00e9tangs) - Welkom - Tuinen Blondiau\" \/>\n<meta property=\"og:description\" content=\"Piscines (\u00e9tangs) Votre partenaire pour l&rsquo;installation de piscines, de bassins...\" \/>\n<meta property=\"og:url\" content=\"https:\/\/www.tuinenblondiau.be\/fr\/diensten\/piscines-etangs\/\" \/>\n<meta property=\"og:site_name\" content=\"Welkom - Tuinen Blondiau\" \/>\n<meta property=\"article:publisher\" content=\"https:\/\/www.facebook.com\/tuinenblondiau\/\" \/>\n<meta property=\"article:modified_time\" content=\"2021-06-15T07:28:43+00:00\" \/>\n<meta property=\"og:image\" content=\"https:\/\/www.tuinenblondiau.be\/wp-content\/uploads\/2021\/06\/phpThumb.jpg\" \/>\n<meta name=\"twitter:card\" content=\"summary_large_image\" \/>\n<meta name=\"twitter:label1\" content=\"Dur\u00e9e de lecture estim\u00e9e\" \/>\n\t<meta name=\"twitter:data1\" content=\"4 minutes\" \/>\n<script type=\"application\/ld+json\" class=\"yoast-schema-graph\">{\"@context\":\"https:\/\/schema.org\",\"@graph\":[{\"@type\":\"WebPage\",\"@id\":\"https:\/\/www.tuinenblondiau.be\/fr\/diensten\/piscines-etangs\/\",\"url\":\"https:\/\/www.tuinenblondiau.be\/fr\/diensten\/piscines-etangs\/\",\"name\":\"Piscines (\u00e9tangs) - Welkom - Tuinen Blondiau\",\"isPartOf\":{\"@id\":\"https:\/\/www.tuinenblondiau.be\/nl\/#website\"},\"primaryImageOfPage\":{\"@id\":\"https:\/\/www.tuinenblondiau.be\/fr\/diensten\/piscines-etangs\/#primaryimage\"},\"image\":{\"@id\":\"https:\/\/www.tuinenblondiau.be\/fr\/diensten\/piscines-etangs\/#primaryimage\"},\"thumbnailUrl\":\"https:\/\/www.tuinenblondiau.be\/wp-content\/uploads\/2021\/06\/phpThumb.jpg\",\"datePublished\":\"2021-06-08T11:32:08+00:00\",\"dateModified\":\"2021-06-15T07:28:43+00:00\",\"breadcrumb\":{\"@id\":\"https:\/\/www.tuinenblondiau.be\/fr\/diensten\/piscines-etangs\/#breadcrumb\"},\"inLanguage\":\"fr-FR\",\"potentialAction\":[{\"@type\":\"ReadAction\",\"target\":[\"https:\/\/www.tuinenblondiau.be\/fr\/diensten\/piscines-etangs\/\"]}]},{\"@type\":\"ImageObject\",\"inLanguage\":\"fr-FR\",\"@id\":\"https:\/\/www.tuinenblondiau.be\/fr\/diensten\/piscines-etangs\/#primaryimage\",\"url\":\"https:\/\/www.tuinenblondiau.be\/wp-content\/uploads\/2021\/06\/phpThumb.jpg\",\"contentUrl\":\"https:\/\/www.tuinenblondiau.be\/wp-content\/uploads\/2021\/06\/phpThumb.jpg\"},{\"@type\":\"BreadcrumbList\",\"@id\":\"https:\/\/www.tuinenblondiau.be\/fr\/diensten\/piscines-etangs\/#breadcrumb\",\"itemListElement\":[{\"@type\":\"ListItem\",\"position\":1,\"name\":\"Start\",\"item\":\"https:\/\/www.tuinenblondiau.be\/fr\/\"},{\"@type\":\"ListItem\",\"position\":2,\"name\":\"Services\",\"item\":\"https:\/\/www.tuinenblondiau.be\/fr\/diensten\/\"},{\"@type\":\"ListItem\",\"position\":3,\"name\":\"Piscines (\u00e9tangs)\"}]},{\"@type\":\"WebSite\",\"@id\":\"https:\/\/www.tuinenblondiau.be\/nl\/#website\",\"url\":\"https:\/\/www.tuinenblondiau.be\/nl\/\",\"name\":\"Welkom - Tuinen Blondiau\",\"description\":\"Tuinonderneming Blondiau is opgericht in 1997 als eenmanszaak en is nu hedendaags uitgegroeid als bvba waarbij drie erkende aannemers Johan , Jens en Pieter uw tuindromen realiseren\",\"publisher\":{\"@id\":\"https:\/\/www.tuinenblondiau.be\/nl\/#organization\"},\"potentialAction\":[{\"@type\":\"SearchAction\",\"target\":{\"@type\":\"EntryPoint\",\"urlTemplate\":\"https:\/\/www.tuinenblondiau.be\/nl\/?s={search_term_string}\"},\"query-input\":{\"@type\":\"PropertyValueSpecification\",\"valueRequired\":true,\"valueName\":\"search_term_string\"}}],\"inLanguage\":\"fr-FR\"},{\"@type\":\"Organization\",\"@id\":\"https:\/\/www.tuinenblondiau.be\/nl\/#organization\",\"name\":\"Tuinen Blondiau\",\"url\":\"https:\/\/www.tuinenblondiau.be\/nl\/\",\"logo\":{\"@type\":\"ImageObject\",\"inLanguage\":\"fr-FR\",\"@id\":\"https:\/\/www.tuinenblondiau.be\/nl\/#\/schema\/logo\/image\/\",\"url\":\"https:\/\/www.tuinenblondiau.be\/wp-content\/uploads\/2021\/06\/logo.png\",\"contentUrl\":\"https:\/\/www.tuinenblondiau.be\/wp-content\/uploads\/2021\/06\/logo.png\",\"width\":220,\"height\":137,\"caption\":\"Tuinen Blondiau\"},\"image\":{\"@id\":\"https:\/\/www.tuinenblondiau.be\/nl\/#\/schema\/logo\/image\/\"},\"sameAs\":[\"https:\/\/www.facebook.com\/tuinenblondiau\/\"]}]}<\/script>\n<!-- \/ Yoast SEO plugin. -->","yoast_head_json":{"title":"Piscines (\u00e9tangs) - Welkom - Tuinen Blondiau","robots":{"index":"index","follow":"follow","max-snippet":"max-snippet:-1","max-image-preview":"max-image-preview:large","max-video-preview":"max-video-preview:-1"},"canonical":"https:\/\/www.tuinenblondiau.be\/fr\/diensten\/piscines-etangs\/","og_locale":"fr_FR","og_type":"article","og_title":"Piscines (\u00e9tangs) - Welkom - Tuinen Blondiau","og_description":"Piscines (\u00e9tangs) Votre partenaire pour l&rsquo;installation de piscines, de bassins...","og_url":"https:\/\/www.tuinenblondiau.be\/fr\/diensten\/piscines-etangs\/","og_site_name":"Welkom - Tuinen Blondiau","article_publisher":"https:\/\/www.facebook.com\/tuinenblondiau\/","article_modified_time":"2021-06-15T07:28:43+00:00","og_image":[{"url":"https:\/\/www.tuinenblondiau.be\/wp-content\/uploads\/2021\/06\/phpThumb.jpg","type":"","width":"","height":""}],"twitter_card":"summary_large_image","twitter_misc":{"Dur\u00e9e de lecture estim\u00e9e":"4 minutes"},"schema":{"@context":"https:\/\/schema.org","@graph":[{"@type":"WebPage","@id":"https:\/\/www.tuinenblondiau.be\/fr\/diensten\/piscines-etangs\/","url":"https:\/\/www.tuinenblondiau.be\/fr\/diensten\/piscines-etangs\/","name":"Piscines (\u00e9tangs) - Welkom - Tuinen Blondiau","isPartOf":{"@id":"https:\/\/www.tuinenblondiau.be\/nl\/#website"},"primaryImageOfPage":{"@id":"https:\/\/www.tuinenblondiau.be\/fr\/diensten\/piscines-etangs\/#primaryimage"},"image":{"@id":"https:\/\/www.tuinenblondiau.be\/fr\/diensten\/piscines-etangs\/#primaryimage"},"thumbnailUrl":"https:\/\/www.tuinenblondiau.be\/wp-content\/uploads\/2021\/06\/phpThumb.jpg","datePublished":"2021-06-08T11:32:08+00:00","dateModified":"2021-06-15T07:28:43+00:00","breadcrumb":{"@id":"https:\/\/www.tuinenblondiau.be\/fr\/diensten\/piscines-etangs\/#breadcrumb"},"inLanguage":"fr-FR","potentialAction":[{"@type":"ReadAction","target":["https:\/\/www.tuinenblondiau.be\/fr\/diensten\/piscines-etangs\/"]}]},{"@type":"ImageObject","inLanguage":"fr-FR","@id":"https:\/\/www.tuinenblondiau.be\/fr\/diensten\/piscines-etangs\/#primaryimage","url":"https:\/\/www.tuinenblondiau.be\/wp-content\/uploads\/2021\/06\/phpThumb.jpg","contentUrl":"https:\/\/www.tuinenblondiau.be\/wp-content\/uploads\/2021\/06\/phpThumb.jpg"},{"@type":"BreadcrumbList","@id":"https:\/\/www.tuinenblondiau.be\/fr\/diensten\/piscines-etangs\/#breadcrumb","itemListElement":[{"@type":"ListItem","position":1,"name":"Start","item":"https:\/\/www.tuinenblondiau.be\/fr\/"},{"@type":"ListItem","position":2,"name":"Services","item":"https:\/\/www.tuinenblondiau.be\/fr\/diensten\/"},{"@type":"ListItem","position":3,"name":"Piscines (\u00e9tangs)"}]},{"@type":"WebSite","@id":"https:\/\/www.tuinenblondiau.be\/nl\/#website","url":"https:\/\/www.tuinenblondiau.be\/nl\/","name":"Welkom - Tuinen Blondiau","description":"Tuinonderneming Blondiau is opgericht in 1997 als eenmanszaak en is nu hedendaags uitgegroeid als bvba waarbij drie erkende aannemers Johan , Jens en Pieter uw tuindromen realiseren","publisher":{"@id":"https:\/\/www.tuinenblondiau.be\/nl\/#organization"},"potentialAction":[{"@type":"SearchAction","target":{"@type":"EntryPoint","urlTemplate":"https:\/\/www.tuinenblondiau.be\/nl\/?s={search_term_string}"},"query-input":{"@type":"PropertyValueSpecification","valueRequired":true,"valueName":"search_term_string"}}],"inLanguage":"fr-FR"},{"@type":"Organization","@id":"https:\/\/www.tuinenblondiau.be\/nl\/#organization","name":"Tuinen Blondiau","url":"https:\/\/www.tuinenblondiau.be\/nl\/","logo":{"@type":"ImageObject","inLanguage":"fr-FR","@id":"https:\/\/www.tuinenblondiau.be\/nl\/#\/schema\/logo\/image\/","url":"https:\/\/www.tuinenblondiau.be\/wp-content\/uploads\/2021\/06\/logo.png","contentUrl":"https:\/\/www.tuinenblondiau.be\/wp-content\/uploads\/2021\/06\/logo.png","width":220,"height":137,"caption":"Tuinen Blondiau"},"image":{"@id":"https:\/\/www.tuinenblondiau.be\/nl\/#\/schema\/logo\/image\/"},"sameAs":["https:\/\/www.facebook.com\/tuinenblondiau\/"]}]}},"_links":{"self":[{"href":"https:\/\/www.tuinenblondiau.be\/fr\/wp-json\/wp\/v2\/pages\/816","targetHints":{"allow":["GET"]}}],"collection":[{"href":"https:\/\/www.tuinenblondiau.be\/fr\/wp-json\/wp\/v2\/pages"}],"about":[{"href":"https:\/\/www.tuinenblondiau.be\/fr\/wp-json\/wp\/v2\/types\/page"}],"author":[{"embeddable":true,"href":"https:\/\/www.tuinenblondiau.be\/fr\/wp-json\/wp\/v2\/users\/1"}],"replies":[{"embeddable":true,"href":"https:\/\/www.tuinenblondiau.be\/fr\/wp-json\/wp\/v2\/comments?post=816"}],"version-history":[{"count":0,"href":"https:\/\/www.tuinenblondiau.be\/fr\/wp-json\/wp\/v2\/pages\/816\/revisions"}],"up":[{"embeddable":true,"href":"https:\/\/www.tuinenblondiau.be\/fr\/wp-json\/wp\/v2\/pages\/800"}],"wp:attachment":[{"href":"https:\/\/www.tuinenblondiau.be\/fr\/wp-json\/wp\/v2\/media?parent=816"}],"curies":[{"name":"wp","href":"https:\/\/api.w.org\/{rel}","templated":true}]}}