{"id":812,"date":"2021-06-08T13:31:49","date_gmt":"2021-06-08T11:31:49","guid":{"rendered":"https:\/\/www.tuinenblondiau.be\/diensten\/milieuvriendelijk-onderhoud\/"},"modified":"2021-06-15T09:24:39","modified_gmt":"2021-06-15T07:24:39","slug":"entretien-ecologiques","status":"publish","type":"page","link":"https:\/\/www.tuinenblondiau.be\/fr\/diensten\/entretien-ecologiques\/","title":{"rendered":"Entretien \u00e9cologiques"},"content":{"rendered":"<h1>L&rsquo;ENTRETIEN \u00c9COLOGIQUE DE VOS ENTR\u00c9ES, CHEMINS ET TERRASSES<\/h1>\n<h2>VOS KLINKERS PEUVENT UTILISER UN NETTOYAGE COMPLET? VOULEZ-VOUS DONNER UN NOUVEAU LOOK \u00c0 V\u00d4TRE TERRASSE?<\/h2>\n<p><img loading=\"lazy\" decoding=\"async\" class=\"alignright size-medium wp-image-713\" src=\"https:\/\/www.tuinenblondiau.be\/wp-content\/uploads\/2021\/06\/milieuvriendelijk-onderhoud-225x300.jpg\" alt=\"\" width=\"225\" height=\"300\" srcset=\"https:\/\/www.tuinenblondiau.be\/wp-content\/uploads\/2021\/06\/milieuvriendelijk-onderhoud-225x300.jpg 225w, https:\/\/www.tuinenblondiau.be\/wp-content\/uploads\/2021\/06\/milieuvriendelijk-onderhoud.jpg 697w\" sizes=\"auto, (max-width: 225px) 100vw, 225px\" \/><\/p>\n<p>Votre entr\u00e9e est la premi\u00e8re chose que les gens voient quand ils viennent chez vous. Naturellement, vous voulez le garder propre, mais ce n&rsquo;est pas toujours facile compte tenu les conditions climatiques diff\u00e9rentes. Vous pouvez donc nous contacter pour nettoyer votre entr\u00e9e et cela d&rsquo;une fa\u00e7on \u00e9cologique.<\/p>\n<p>Aussi votre terrasse est un endroit o\u00f9 vous voulez passer du temps et relaxer. Comment \u00e7a peut \u00eatre mieux que sur une terrasse qui est bien maintenu? Au fil du temps le beau r\u00e9gard de votre terrasse peut dispara\u00eetre par des\u00a0 d\u00e9p\u00f4t verd\u00e2tre, mousses, lichens, des gramin\u00e9es,\u2026 Cela \u00e0 une influence sur la couleur de v\u00f4tre terrasse et aussi sur la qualit\u00e9 de v\u00f4tre pierres.<\/p>\n<p>Nous faisons ce nettoyage avec un concept de nettoyage et entretien de Terrazza MC. Gr\u00e2ce \u00e0 cette machine nous pouvons faire ressembler v\u00f4tre terrasse comme nouveau. Nettoy\u00e9 les klinkers, pierres naturelles ou bankirai avec haute pression n&rsquo;est pas conseill\u00e9e. Avec le Terrazza MC, nous prenons soin de v\u00f4tre entr\u00e9e ou de v\u00f4tre terrasse en trois \u00e9tapes diff\u00e9rentes.<\/p>\n<p>Pour commencer il y a le proces de nettoyage o\u00f9 nous utilisons un peu d\u2019eau et le brosse brevet\u00e9e de Terrazza MC pour nettoyer et jointoyer le surface.<\/p>\n<p>Apr\u00e8s il y a le rin\u00e7age, \u00a0la combinaison de la salet\u00e9 (dans les joints et sur la surface) avec de l\u2019eau, g\u00e9n\u00e8re la p\u00e2te de nettoyage d\u00e9sir\u00e9e. Par rin\u00e7er le surface et les joints, le r\u00e9sidu restant est parti.<\/p>\n<p>Pour finir, on \u00e0 le proces de pollisage. Ici les joints sont refaits avec du sable et on pollisage le surface. Comme \u00e7a, la couleur de v\u00f4tre entr\u00e9e ou de v\u00f4tre terrasse est comme nouveau.<\/p>\n<div style=\"width: 640px;\" class=\"wp-video\"><!--[if lt IE 9]><script>document.createElement('video');<\/script><![endif]-->\n<video class=\"wp-video-shortcode\" id=\"video-812-1\" width=\"640\" height=\"360\" preload=\"metadata\" controls=\"controls\"><source type=\"video\/mp4\" src=\"https:\/\/www.tuinenblondiau.be\/wp-content\/uploads\/2021\/06\/40.mp4?_=1\" \/><a href=\"https:\/\/www.tuinenblondiau.be\/wp-content\/uploads\/2021\/06\/40.mp4\">https:\/\/www.tuinenblondiau.be\/wp-content\/uploads\/2021\/06\/40.mp4<\/a><\/video><\/div>\n","protected":false},"excerpt":{"rendered":"<p>L&rsquo;ENTRETIEN \u00c9COLOGIQUE DE VOS ENTR\u00c9ES, CHEMINS ET TERRASSES VOS KLINKERS&#8230;<\/p>\n","protected":false},"author":1,"featured_media":0,"parent":800,"menu_order":15,"comment_status":"closed","ping_status":"closed","template":"","meta":{"_acf_changed":false,"inline_featured_image":false,"footnotes":""},"class_list":["post-812","page","type-page","status-publish","hentry"],"acf":[],"yoast_head":"<!-- This site is optimized with the Yoast SEO plugin v27.0 - https:\/\/yoast.com\/product\/yoast-seo-wordpress\/ -->\n<title>Entretien \u00e9cologiques - Welkom - Tuinen Blondiau<\/title>\n<meta name=\"robots\" content=\"index, follow, max-snippet:-1, max-image-preview:large, max-video-preview:-1\" \/>\n<link rel=\"canonical\" href=\"https:\/\/www.tuinenblondiau.be\/fr\/diensten\/entretien-ecologiques\/\" \/>\n<meta property=\"og:locale\" content=\"fr_FR\" \/>\n<meta property=\"og:type\" content=\"article\" \/>\n<meta property=\"og:title\" content=\"Entretien \u00e9cologiques - Welkom - Tuinen Blondiau\" \/>\n<meta property=\"og:description\" content=\"L&rsquo;ENTRETIEN \u00c9COLOGIQUE DE VOS ENTR\u00c9ES, CHEMINS ET TERRASSES VOS KLINKERS...\" \/>\n<meta property=\"og:url\" content=\"https:\/\/www.tuinenblondiau.be\/fr\/diensten\/entretien-ecologiques\/\" \/>\n<meta property=\"og:site_name\" content=\"Welkom - Tuinen Blondiau\" \/>\n<meta property=\"article:publisher\" content=\"https:\/\/www.facebook.com\/tuinenblondiau\/\" \/>\n<meta property=\"article:modified_time\" content=\"2021-06-15T07:24:39+00:00\" \/>\n<meta property=\"og:image\" content=\"https:\/\/www.tuinenblondiau.be\/wp-content\/uploads\/2021\/06\/milieuvriendelijk-onderhoud-225x300.jpg\" \/>\n<meta name=\"twitter:card\" content=\"summary_large_image\" \/>\n<meta name=\"twitter:label1\" content=\"Dur\u00e9e de lecture estim\u00e9e\" \/>\n\t<meta name=\"twitter:data1\" content=\"2 minutes\" \/>\n<script type=\"application\/ld+json\" class=\"yoast-schema-graph\">{\"@context\":\"https:\/\/schema.org\",\"@graph\":[{\"@type\":\"WebPage\",\"@id\":\"https:\/\/www.tuinenblondiau.be\/fr\/diensten\/entretien-ecologiques\/\",\"url\":\"https:\/\/www.tuinenblondiau.be\/fr\/diensten\/entretien-ecologiques\/\",\"name\":\"Entretien \u00e9cologiques - Welkom - Tuinen Blondiau\",\"isPartOf\":{\"@id\":\"https:\/\/www.tuinenblondiau.be\/nl\/#website\"},\"primaryImageOfPage\":{\"@id\":\"https:\/\/www.tuinenblondiau.be\/fr\/diensten\/entretien-ecologiques\/#primaryimage\"},\"image\":{\"@id\":\"https:\/\/www.tuinenblondiau.be\/fr\/diensten\/entretien-ecologiques\/#primaryimage\"},\"thumbnailUrl\":\"https:\/\/www.tuinenblondiau.be\/wp-content\/uploads\/2021\/06\/milieuvriendelijk-onderhoud-225x300.jpg\",\"datePublished\":\"2021-06-08T11:31:49+00:00\",\"dateModified\":\"2021-06-15T07:24:39+00:00\",\"breadcrumb\":{\"@id\":\"https:\/\/www.tuinenblondiau.be\/fr\/diensten\/entretien-ecologiques\/#breadcrumb\"},\"inLanguage\":\"fr-FR\",\"potentialAction\":[{\"@type\":\"ReadAction\",\"target\":[\"https:\/\/www.tuinenblondiau.be\/fr\/diensten\/entretien-ecologiques\/\"]}]},{\"@type\":\"ImageObject\",\"inLanguage\":\"fr-FR\",\"@id\":\"https:\/\/www.tuinenblondiau.be\/fr\/diensten\/entretien-ecologiques\/#primaryimage\",\"url\":\"https:\/\/www.tuinenblondiau.be\/wp-content\/uploads\/2021\/06\/milieuvriendelijk-onderhoud-225x300.jpg\",\"contentUrl\":\"https:\/\/www.tuinenblondiau.be\/wp-content\/uploads\/2021\/06\/milieuvriendelijk-onderhoud-225x300.jpg\"},{\"@type\":\"BreadcrumbList\",\"@id\":\"https:\/\/www.tuinenblondiau.be\/fr\/diensten\/entretien-ecologiques\/#breadcrumb\",\"itemListElement\":[{\"@type\":\"ListItem\",\"position\":1,\"name\":\"Start\",\"item\":\"https:\/\/www.tuinenblondiau.be\/fr\/\"},{\"@type\":\"ListItem\",\"position\":2,\"name\":\"Services\",\"item\":\"https:\/\/www.tuinenblondiau.be\/fr\/diensten\/\"},{\"@type\":\"ListItem\",\"position\":3,\"name\":\"Entretien \u00e9cologiques\"}]},{\"@type\":\"WebSite\",\"@id\":\"https:\/\/www.tuinenblondiau.be\/nl\/#website\",\"url\":\"https:\/\/www.tuinenblondiau.be\/nl\/\",\"name\":\"Welkom - Tuinen Blondiau\",\"description\":\"Tuinonderneming Blondiau is opgericht in 1997 als eenmanszaak en is nu hedendaags uitgegroeid als bvba waarbij drie erkende aannemers Johan , Jens en Pieter uw tuindromen realiseren\",\"publisher\":{\"@id\":\"https:\/\/www.tuinenblondiau.be\/nl\/#organization\"},\"potentialAction\":[{\"@type\":\"SearchAction\",\"target\":{\"@type\":\"EntryPoint\",\"urlTemplate\":\"https:\/\/www.tuinenblondiau.be\/nl\/?s={search_term_string}\"},\"query-input\":{\"@type\":\"PropertyValueSpecification\",\"valueRequired\":true,\"valueName\":\"search_term_string\"}}],\"inLanguage\":\"fr-FR\"},{\"@type\":\"Organization\",\"@id\":\"https:\/\/www.tuinenblondiau.be\/nl\/#organization\",\"name\":\"Tuinen Blondiau\",\"url\":\"https:\/\/www.tuinenblondiau.be\/nl\/\",\"logo\":{\"@type\":\"ImageObject\",\"inLanguage\":\"fr-FR\",\"@id\":\"https:\/\/www.tuinenblondiau.be\/nl\/#\/schema\/logo\/image\/\",\"url\":\"https:\/\/www.tuinenblondiau.be\/wp-content\/uploads\/2021\/06\/logo.png\",\"contentUrl\":\"https:\/\/www.tuinenblondiau.be\/wp-content\/uploads\/2021\/06\/logo.png\",\"width\":220,\"height\":137,\"caption\":\"Tuinen Blondiau\"},\"image\":{\"@id\":\"https:\/\/www.tuinenblondiau.be\/nl\/#\/schema\/logo\/image\/\"},\"sameAs\":[\"https:\/\/www.facebook.com\/tuinenblondiau\/\"]}]}<\/script>\n<!-- \/ Yoast SEO plugin. -->","yoast_head_json":{"title":"Entretien \u00e9cologiques - Welkom - Tuinen Blondiau","robots":{"index":"index","follow":"follow","max-snippet":"max-snippet:-1","max-image-preview":"max-image-preview:large","max-video-preview":"max-video-preview:-1"},"canonical":"https:\/\/www.tuinenblondiau.be\/fr\/diensten\/entretien-ecologiques\/","og_locale":"fr_FR","og_type":"article","og_title":"Entretien \u00e9cologiques - Welkom - Tuinen Blondiau","og_description":"L&rsquo;ENTRETIEN \u00c9COLOGIQUE DE VOS ENTR\u00c9ES, CHEMINS ET TERRASSES VOS KLINKERS...","og_url":"https:\/\/www.tuinenblondiau.be\/fr\/diensten\/entretien-ecologiques\/","og_site_name":"Welkom - Tuinen Blondiau","article_publisher":"https:\/\/www.facebook.com\/tuinenblondiau\/","article_modified_time":"2021-06-15T07:24:39+00:00","og_image":[{"url":"https:\/\/www.tuinenblondiau.be\/wp-content\/uploads\/2021\/06\/milieuvriendelijk-onderhoud-225x300.jpg","type":"","width":"","height":""}],"twitter_card":"summary_large_image","twitter_misc":{"Dur\u00e9e de lecture estim\u00e9e":"2 minutes"},"schema":{"@context":"https:\/\/schema.org","@graph":[{"@type":"WebPage","@id":"https:\/\/www.tuinenblondiau.be\/fr\/diensten\/entretien-ecologiques\/","url":"https:\/\/www.tuinenblondiau.be\/fr\/diensten\/entretien-ecologiques\/","name":"Entretien \u00e9cologiques - Welkom - Tuinen Blondiau","isPartOf":{"@id":"https:\/\/www.tuinenblondiau.be\/nl\/#website"},"primaryImageOfPage":{"@id":"https:\/\/www.tuinenblondiau.be\/fr\/diensten\/entretien-ecologiques\/#primaryimage"},"image":{"@id":"https:\/\/www.tuinenblondiau.be\/fr\/diensten\/entretien-ecologiques\/#primaryimage"},"thumbnailUrl":"https:\/\/www.tuinenblondiau.be\/wp-content\/uploads\/2021\/06\/milieuvriendelijk-onderhoud-225x300.jpg","datePublished":"2021-06-08T11:31:49+00:00","dateModified":"2021-06-15T07:24:39+00:00","breadcrumb":{"@id":"https:\/\/www.tuinenblondiau.be\/fr\/diensten\/entretien-ecologiques\/#breadcrumb"},"inLanguage":"fr-FR","potentialAction":[{"@type":"ReadAction","target":["https:\/\/www.tuinenblondiau.be\/fr\/diensten\/entretien-ecologiques\/"]}]},{"@type":"ImageObject","inLanguage":"fr-FR","@id":"https:\/\/www.tuinenblondiau.be\/fr\/diensten\/entretien-ecologiques\/#primaryimage","url":"https:\/\/www.tuinenblondiau.be\/wp-content\/uploads\/2021\/06\/milieuvriendelijk-onderhoud-225x300.jpg","contentUrl":"https:\/\/www.tuinenblondiau.be\/wp-content\/uploads\/2021\/06\/milieuvriendelijk-onderhoud-225x300.jpg"},{"@type":"BreadcrumbList","@id":"https:\/\/www.tuinenblondiau.be\/fr\/diensten\/entretien-ecologiques\/#breadcrumb","itemListElement":[{"@type":"ListItem","position":1,"name":"Start","item":"https:\/\/www.tuinenblondiau.be\/fr\/"},{"@type":"ListItem","position":2,"name":"Services","item":"https:\/\/www.tuinenblondiau.be\/fr\/diensten\/"},{"@type":"ListItem","position":3,"name":"Entretien \u00e9cologiques"}]},{"@type":"WebSite","@id":"https:\/\/www.tuinenblondiau.be\/nl\/#website","url":"https:\/\/www.tuinenblondiau.be\/nl\/","name":"Welkom - Tuinen Blondiau","description":"Tuinonderneming Blondiau is opgericht in 1997 als eenmanszaak en is nu hedendaags uitgegroeid als bvba waarbij drie erkende aannemers Johan , Jens en Pieter uw tuindromen realiseren","publisher":{"@id":"https:\/\/www.tuinenblondiau.be\/nl\/#organization"},"potentialAction":[{"@type":"SearchAction","target":{"@type":"EntryPoint","urlTemplate":"https:\/\/www.tuinenblondiau.be\/nl\/?s={search_term_string}"},"query-input":{"@type":"PropertyValueSpecification","valueRequired":true,"valueName":"search_term_string"}}],"inLanguage":"fr-FR"},{"@type":"Organization","@id":"https:\/\/www.tuinenblondiau.be\/nl\/#organization","name":"Tuinen Blondiau","url":"https:\/\/www.tuinenblondiau.be\/nl\/","logo":{"@type":"ImageObject","inLanguage":"fr-FR","@id":"https:\/\/www.tuinenblondiau.be\/nl\/#\/schema\/logo\/image\/","url":"https:\/\/www.tuinenblondiau.be\/wp-content\/uploads\/2021\/06\/logo.png","contentUrl":"https:\/\/www.tuinenblondiau.be\/wp-content\/uploads\/2021\/06\/logo.png","width":220,"height":137,"caption":"Tuinen Blondiau"},"image":{"@id":"https:\/\/www.tuinenblondiau.be\/nl\/#\/schema\/logo\/image\/"},"sameAs":["https:\/\/www.facebook.com\/tuinenblondiau\/"]}]}},"_links":{"self":[{"href":"https:\/\/www.tuinenblondiau.be\/fr\/wp-json\/wp\/v2\/pages\/812","targetHints":{"allow":["GET"]}}],"collection":[{"href":"https:\/\/www.tuinenblondiau.be\/fr\/wp-json\/wp\/v2\/pages"}],"about":[{"href":"https:\/\/www.tuinenblondiau.be\/fr\/wp-json\/wp\/v2\/types\/page"}],"author":[{"embeddable":true,"href":"https:\/\/www.tuinenblondiau.be\/fr\/wp-json\/wp\/v2\/users\/1"}],"replies":[{"embeddable":true,"href":"https:\/\/www.tuinenblondiau.be\/fr\/wp-json\/wp\/v2\/comments?post=812"}],"version-history":[{"count":0,"href":"https:\/\/www.tuinenblondiau.be\/fr\/wp-json\/wp\/v2\/pages\/812\/revisions"}],"up":[{"embeddable":true,"href":"https:\/\/www.tuinenblondiau.be\/fr\/wp-json\/wp\/v2\/pages\/800"}],"wp:attachment":[{"href":"https:\/\/www.tuinenblondiau.be\/fr\/wp-json\/wp\/v2\/media?parent=812"}],"curies":[{"name":"wp","href":"https:\/\/api.w.org\/{rel}","templated":true}]}}