{"id":809,"date":"2021-06-08T13:31:31","date_gmt":"2021-06-08T11:31:31","guid":{"rendered":"https:\/\/www.tuinenblondiau.be\/diensten\/tuinonderhoud\/"},"modified":"2021-06-15T09:22:39","modified_gmt":"2021-06-15T07:22:39","slug":"entretien-de-jardin","status":"publish","type":"page","link":"https:\/\/www.tuinenblondiau.be\/fr\/diensten\/entretien-de-jardin\/","title":{"rendered":"Entretien de jardin"},"content":{"rendered":"<p><strong>Pour un jardin plus vert que les voisins &#8230;<\/strong><\/p>\n<p>Joliment \u00e9lagu\u00e9 les haies et les\u00a0arbustes, une pelouse serr\u00e9,\u2026\u00a0Toutes les choses que vous pr\u00e9voyez du jardinier.\u00a0\u00a0Nous prenons cela encore un peu plus loin.\u202fPar\u00a0l\u2019engraissage sp\u00e9cifique, l&rsquo;\u00e9lagage cibl\u00e9e et le d\u00e9sherbage, nous assurons un effet optimal de vert et de plantes dans le jardin.<\/p>\n<p>Nous aimons bien prendre charge de ces t\u00e2ches mais nous vous permettons l&rsquo;espace \u00e0 travailler un peu dans le jardin vous-m\u00eame.<\/p>\n<p><strong>Est-ce que l\u2019entretien du jardin est une affaire co\u00fbteuse\u202f?\u202f<\/strong><\/p>\n<p>Bien s\u00fbr, cela d\u00e9pend de la taille, vos besoins sp\u00e9cifiques et les d\u00e9tails du jardin.\u00a0Vous ne voulez pas d\u00e9penser des fortunes mais vous voulez\u00a0 toujours garder un jardin bien entretenu\u202f? Alors\u00a0vous laissez la nature faire son travail.<\/p>\n<p>Par\u00a0example\u202f:\u00a0Nous laissons appara\u00eetre les buissons majestueux un peu plus naturel,\u00a0la couverture terrestre naturelle avec la chute des feuilles contre les mauvaises herbes, laisser grandir le croissance sauvage en tailles limit\u00e9es,\u2026<\/p>\n<p>En bref, avec un peu d\u2019adaptation de notre tactique, vous\u00a0pouvez\u00a0toujours\u00a0avoir\u00a0un beau jardin pour un bon prix.\u00a0En outre vous pouvez nous aider pour sauver la nature.<\/p>\n","protected":false},"excerpt":{"rendered":"<p>Pour un jardin plus vert que les voisins &#8230; Joliment&#8230;<\/p>\n","protected":false},"author":1,"featured_media":0,"parent":800,"menu_order":14,"comment_status":"closed","ping_status":"closed","template":"","meta":{"_acf_changed":false,"inline_featured_image":false,"footnotes":""},"class_list":["post-809","page","type-page","status-publish","hentry"],"acf":[],"yoast_head":"<!-- This site is optimized with the Yoast SEO plugin v27.0 - https:\/\/yoast.com\/product\/yoast-seo-wordpress\/ -->\n<title>Entretien de jardin - Welkom - Tuinen Blondiau<\/title>\n<meta name=\"robots\" content=\"index, follow, max-snippet:-1, max-image-preview:large, max-video-preview:-1\" \/>\n<link rel=\"canonical\" href=\"https:\/\/www.tuinenblondiau.be\/fr\/diensten\/entretien-de-jardin\/\" \/>\n<meta property=\"og:locale\" content=\"fr_FR\" \/>\n<meta property=\"og:type\" content=\"article\" \/>\n<meta property=\"og:title\" content=\"Entretien de jardin - Welkom - Tuinen Blondiau\" \/>\n<meta property=\"og:description\" content=\"Pour un jardin plus vert que les voisins &#8230; Joliment...\" \/>\n<meta property=\"og:url\" content=\"https:\/\/www.tuinenblondiau.be\/fr\/diensten\/entretien-de-jardin\/\" \/>\n<meta property=\"og:site_name\" content=\"Welkom - Tuinen Blondiau\" \/>\n<meta property=\"article:publisher\" content=\"https:\/\/www.facebook.com\/tuinenblondiau\/\" \/>\n<meta property=\"article:modified_time\" content=\"2021-06-15T07:22:39+00:00\" \/>\n<meta property=\"og:image\" content=\"https:\/\/www.tuinenblondiau.be\/wp-content\/uploads\/2021\/06\/logo.png\" \/>\n\t<meta property=\"og:image:width\" content=\"220\" \/>\n\t<meta property=\"og:image:height\" content=\"137\" \/>\n\t<meta property=\"og:image:type\" content=\"image\/png\" \/>\n<meta name=\"twitter:card\" content=\"summary_large_image\" \/>\n<meta name=\"twitter:label1\" content=\"Dur\u00e9e de lecture estim\u00e9e\" \/>\n\t<meta name=\"twitter:data1\" content=\"1 minute\" \/>\n<script type=\"application\/ld+json\" class=\"yoast-schema-graph\">{\"@context\":\"https:\/\/schema.org\",\"@graph\":[{\"@type\":\"WebPage\",\"@id\":\"https:\/\/www.tuinenblondiau.be\/fr\/diensten\/entretien-de-jardin\/\",\"url\":\"https:\/\/www.tuinenblondiau.be\/fr\/diensten\/entretien-de-jardin\/\",\"name\":\"Entretien de jardin - Welkom - Tuinen Blondiau\",\"isPartOf\":{\"@id\":\"https:\/\/www.tuinenblondiau.be\/nl\/#website\"},\"datePublished\":\"2021-06-08T11:31:31+00:00\",\"dateModified\":\"2021-06-15T07:22:39+00:00\",\"breadcrumb\":{\"@id\":\"https:\/\/www.tuinenblondiau.be\/fr\/diensten\/entretien-de-jardin\/#breadcrumb\"},\"inLanguage\":\"fr-FR\",\"potentialAction\":[{\"@type\":\"ReadAction\",\"target\":[\"https:\/\/www.tuinenblondiau.be\/fr\/diensten\/entretien-de-jardin\/\"]}]},{\"@type\":\"BreadcrumbList\",\"@id\":\"https:\/\/www.tuinenblondiau.be\/fr\/diensten\/entretien-de-jardin\/#breadcrumb\",\"itemListElement\":[{\"@type\":\"ListItem\",\"position\":1,\"name\":\"Start\",\"item\":\"https:\/\/www.tuinenblondiau.be\/fr\/\"},{\"@type\":\"ListItem\",\"position\":2,\"name\":\"Services\",\"item\":\"https:\/\/www.tuinenblondiau.be\/fr\/diensten\/\"},{\"@type\":\"ListItem\",\"position\":3,\"name\":\"Entretien de jardin\"}]},{\"@type\":\"WebSite\",\"@id\":\"https:\/\/www.tuinenblondiau.be\/nl\/#website\",\"url\":\"https:\/\/www.tuinenblondiau.be\/nl\/\",\"name\":\"Welkom - Tuinen Blondiau\",\"description\":\"Tuinonderneming Blondiau is opgericht in 1997 als eenmanszaak en is nu hedendaags uitgegroeid als bvba waarbij drie erkende aannemers Johan , Jens en Pieter uw tuindromen realiseren\",\"publisher\":{\"@id\":\"https:\/\/www.tuinenblondiau.be\/nl\/#organization\"},\"potentialAction\":[{\"@type\":\"SearchAction\",\"target\":{\"@type\":\"EntryPoint\",\"urlTemplate\":\"https:\/\/www.tuinenblondiau.be\/nl\/?s={search_term_string}\"},\"query-input\":{\"@type\":\"PropertyValueSpecification\",\"valueRequired\":true,\"valueName\":\"search_term_string\"}}],\"inLanguage\":\"fr-FR\"},{\"@type\":\"Organization\",\"@id\":\"https:\/\/www.tuinenblondiau.be\/nl\/#organization\",\"name\":\"Tuinen Blondiau\",\"url\":\"https:\/\/www.tuinenblondiau.be\/nl\/\",\"logo\":{\"@type\":\"ImageObject\",\"inLanguage\":\"fr-FR\",\"@id\":\"https:\/\/www.tuinenblondiau.be\/nl\/#\/schema\/logo\/image\/\",\"url\":\"https:\/\/www.tuinenblondiau.be\/wp-content\/uploads\/2021\/06\/logo.png\",\"contentUrl\":\"https:\/\/www.tuinenblondiau.be\/wp-content\/uploads\/2021\/06\/logo.png\",\"width\":220,\"height\":137,\"caption\":\"Tuinen Blondiau\"},\"image\":{\"@id\":\"https:\/\/www.tuinenblondiau.be\/nl\/#\/schema\/logo\/image\/\"},\"sameAs\":[\"https:\/\/www.facebook.com\/tuinenblondiau\/\"]}]}<\/script>\n<!-- \/ Yoast SEO plugin. -->","yoast_head_json":{"title":"Entretien de jardin - Welkom - Tuinen Blondiau","robots":{"index":"index","follow":"follow","max-snippet":"max-snippet:-1","max-image-preview":"max-image-preview:large","max-video-preview":"max-video-preview:-1"},"canonical":"https:\/\/www.tuinenblondiau.be\/fr\/diensten\/entretien-de-jardin\/","og_locale":"fr_FR","og_type":"article","og_title":"Entretien de jardin - Welkom - Tuinen Blondiau","og_description":"Pour un jardin plus vert que les voisins &#8230; Joliment...","og_url":"https:\/\/www.tuinenblondiau.be\/fr\/diensten\/entretien-de-jardin\/","og_site_name":"Welkom - Tuinen Blondiau","article_publisher":"https:\/\/www.facebook.com\/tuinenblondiau\/","article_modified_time":"2021-06-15T07:22:39+00:00","og_image":[{"width":220,"height":137,"url":"https:\/\/www.tuinenblondiau.be\/wp-content\/uploads\/2021\/06\/logo.png","type":"image\/png"}],"twitter_card":"summary_large_image","twitter_misc":{"Dur\u00e9e de lecture estim\u00e9e":"1 minute"},"schema":{"@context":"https:\/\/schema.org","@graph":[{"@type":"WebPage","@id":"https:\/\/www.tuinenblondiau.be\/fr\/diensten\/entretien-de-jardin\/","url":"https:\/\/www.tuinenblondiau.be\/fr\/diensten\/entretien-de-jardin\/","name":"Entretien de jardin - Welkom - Tuinen Blondiau","isPartOf":{"@id":"https:\/\/www.tuinenblondiau.be\/nl\/#website"},"datePublished":"2021-06-08T11:31:31+00:00","dateModified":"2021-06-15T07:22:39+00:00","breadcrumb":{"@id":"https:\/\/www.tuinenblondiau.be\/fr\/diensten\/entretien-de-jardin\/#breadcrumb"},"inLanguage":"fr-FR","potentialAction":[{"@type":"ReadAction","target":["https:\/\/www.tuinenblondiau.be\/fr\/diensten\/entretien-de-jardin\/"]}]},{"@type":"BreadcrumbList","@id":"https:\/\/www.tuinenblondiau.be\/fr\/diensten\/entretien-de-jardin\/#breadcrumb","itemListElement":[{"@type":"ListItem","position":1,"name":"Start","item":"https:\/\/www.tuinenblondiau.be\/fr\/"},{"@type":"ListItem","position":2,"name":"Services","item":"https:\/\/www.tuinenblondiau.be\/fr\/diensten\/"},{"@type":"ListItem","position":3,"name":"Entretien de jardin"}]},{"@type":"WebSite","@id":"https:\/\/www.tuinenblondiau.be\/nl\/#website","url":"https:\/\/www.tuinenblondiau.be\/nl\/","name":"Welkom - Tuinen Blondiau","description":"Tuinonderneming Blondiau is opgericht in 1997 als eenmanszaak en is nu hedendaags uitgegroeid als bvba waarbij drie erkende aannemers Johan , Jens en Pieter uw tuindromen realiseren","publisher":{"@id":"https:\/\/www.tuinenblondiau.be\/nl\/#organization"},"potentialAction":[{"@type":"SearchAction","target":{"@type":"EntryPoint","urlTemplate":"https:\/\/www.tuinenblondiau.be\/nl\/?s={search_term_string}"},"query-input":{"@type":"PropertyValueSpecification","valueRequired":true,"valueName":"search_term_string"}}],"inLanguage":"fr-FR"},{"@type":"Organization","@id":"https:\/\/www.tuinenblondiau.be\/nl\/#organization","name":"Tuinen Blondiau","url":"https:\/\/www.tuinenblondiau.be\/nl\/","logo":{"@type":"ImageObject","inLanguage":"fr-FR","@id":"https:\/\/www.tuinenblondiau.be\/nl\/#\/schema\/logo\/image\/","url":"https:\/\/www.tuinenblondiau.be\/wp-content\/uploads\/2021\/06\/logo.png","contentUrl":"https:\/\/www.tuinenblondiau.be\/wp-content\/uploads\/2021\/06\/logo.png","width":220,"height":137,"caption":"Tuinen Blondiau"},"image":{"@id":"https:\/\/www.tuinenblondiau.be\/nl\/#\/schema\/logo\/image\/"},"sameAs":["https:\/\/www.facebook.com\/tuinenblondiau\/"]}]}},"_links":{"self":[{"href":"https:\/\/www.tuinenblondiau.be\/fr\/wp-json\/wp\/v2\/pages\/809","targetHints":{"allow":["GET"]}}],"collection":[{"href":"https:\/\/www.tuinenblondiau.be\/fr\/wp-json\/wp\/v2\/pages"}],"about":[{"href":"https:\/\/www.tuinenblondiau.be\/fr\/wp-json\/wp\/v2\/types\/page"}],"author":[{"embeddable":true,"href":"https:\/\/www.tuinenblondiau.be\/fr\/wp-json\/wp\/v2\/users\/1"}],"replies":[{"embeddable":true,"href":"https:\/\/www.tuinenblondiau.be\/fr\/wp-json\/wp\/v2\/comments?post=809"}],"version-history":[{"count":0,"href":"https:\/\/www.tuinenblondiau.be\/fr\/wp-json\/wp\/v2\/pages\/809\/revisions"}],"up":[{"embeddable":true,"href":"https:\/\/www.tuinenblondiau.be\/fr\/wp-json\/wp\/v2\/pages\/800"}],"wp:attachment":[{"href":"https:\/\/www.tuinenblondiau.be\/fr\/wp-json\/wp\/v2\/media?parent=809"}],"curies":[{"name":"wp","href":"https:\/\/api.w.org\/{rel}","templated":true}]}}