{"id":802,"date":"2021-06-08T13:29:56","date_gmt":"2021-06-08T11:29:56","guid":{"rendered":"https:\/\/www.tuinenblondiau.be\/diensten\/tuinontwerp\/"},"modified":"2021-06-15T09:17:13","modified_gmt":"2021-06-15T07:17:13","slug":"architecture-paysager","status":"publish","type":"page","link":"https:\/\/www.tuinenblondiau.be\/fr\/diensten\/architecture-paysager\/","title":{"rendered":"Architecture de paysage"},"content":{"rendered":"<p><strong>Chaque jardin est unique&#8230;<\/strong><\/p>\n<p>En cr\u00e9ant un plan de jardin notre vision est : \u201cle jardin doit convenir aux habitants,\u00a0\u00e0 l&rsquo;habitation et \u00e0 l&rsquo;entourage\u201d. C\u2019est le d\u00e9but d&rsquo;une bonne coop\u00e9ration entre vous, le client et nous comme professionnel avec le jardin comme liant.<\/p>\n<p><strong>Comment proc\u00e9dons-nous avec \u00e7a?<\/strong><\/p>\n<p>Het verloop van een tuinontwerp start vervolgens met een gratis en vrijblijvend eerste gesprek.<\/p>\n<p>Le d\u00e9roulement d&rsquo;un projet de jardin\u00a0commence par une premi\u00e8re conversation gratuite et sans obligation. Dans cette\u00a0conversation\u00a0vos d\u00e9sirs et les options possibles seront\u00a0discut\u00e9s.<\/p>\n<p>Apr\u00e8s avoir fait le premier plan, on peut\u00a0discuter\u00a0avec vous et\u00a0ensuite on peut\u00a0faire\u00a0les adaptations\u00a0n\u00e9cessaires.<\/p>\n<p>Avant le plan finale est d\u00e9velopp\u00e9e, il y a une discussion des prix.<\/p>\n<p>Vous payez seulement une partie du prix du plan si il y a un agr\u00e9ment pour\u00a0commencer avec les travaux.<\/p>\n<p>Bien s\u00fbr, nous r\u00e9alisons \u00e9galement des projets sans un plan de jardin. Pour\u00a0\u00e7ela\u00a0nous devons toujours venir chez vous pour voir le jardin et pour \u00e9couter vos id\u00e9es.<\/p>\n","protected":false},"excerpt":{"rendered":"<p>Chaque jardin est unique&#8230; En cr\u00e9ant un plan de jardin&#8230;<\/p>\n","protected":false},"author":1,"featured_media":0,"parent":800,"menu_order":9,"comment_status":"closed","ping_status":"closed","template":"","meta":{"_acf_changed":false,"inline_featured_image":false,"footnotes":""},"class_list":["post-802","page","type-page","status-publish","hentry"],"acf":[],"yoast_head":"<!-- This site is optimized with the Yoast SEO plugin v27.0 - https:\/\/yoast.com\/product\/yoast-seo-wordpress\/ -->\n<title>Architecture de paysage - Welkom - Tuinen Blondiau<\/title>\n<meta name=\"robots\" content=\"index, follow, max-snippet:-1, max-image-preview:large, max-video-preview:-1\" \/>\n<link rel=\"canonical\" href=\"https:\/\/www.tuinenblondiau.be\/fr\/diensten\/architecture-paysager\/\" \/>\n<meta property=\"og:locale\" content=\"fr_FR\" \/>\n<meta property=\"og:type\" content=\"article\" \/>\n<meta property=\"og:title\" content=\"Architecture de paysage - Welkom - Tuinen Blondiau\" \/>\n<meta property=\"og:description\" content=\"Chaque jardin est unique&#8230; En cr\u00e9ant un plan de jardin...\" \/>\n<meta property=\"og:url\" content=\"https:\/\/www.tuinenblondiau.be\/fr\/diensten\/architecture-paysager\/\" \/>\n<meta property=\"og:site_name\" content=\"Welkom - Tuinen Blondiau\" \/>\n<meta property=\"article:publisher\" content=\"https:\/\/www.facebook.com\/tuinenblondiau\/\" \/>\n<meta property=\"article:modified_time\" content=\"2021-06-15T07:17:13+00:00\" \/>\n<meta property=\"og:image\" content=\"https:\/\/www.tuinenblondiau.be\/wp-content\/uploads\/2021\/06\/logo.png\" \/>\n\t<meta property=\"og:image:width\" content=\"220\" \/>\n\t<meta property=\"og:image:height\" content=\"137\" \/>\n\t<meta property=\"og:image:type\" content=\"image\/png\" \/>\n<meta name=\"twitter:card\" content=\"summary_large_image\" \/>\n<meta name=\"twitter:label1\" content=\"Dur\u00e9e de lecture estim\u00e9e\" \/>\n\t<meta name=\"twitter:data1\" content=\"1 minute\" \/>\n<script type=\"application\/ld+json\" class=\"yoast-schema-graph\">{\"@context\":\"https:\/\/schema.org\",\"@graph\":[{\"@type\":\"WebPage\",\"@id\":\"https:\/\/www.tuinenblondiau.be\/fr\/diensten\/architecture-paysager\/\",\"url\":\"https:\/\/www.tuinenblondiau.be\/fr\/diensten\/architecture-paysager\/\",\"name\":\"Architecture de paysage - Welkom - Tuinen Blondiau\",\"isPartOf\":{\"@id\":\"https:\/\/www.tuinenblondiau.be\/nl\/#website\"},\"datePublished\":\"2021-06-08T11:29:56+00:00\",\"dateModified\":\"2021-06-15T07:17:13+00:00\",\"breadcrumb\":{\"@id\":\"https:\/\/www.tuinenblondiau.be\/fr\/diensten\/architecture-paysager\/#breadcrumb\"},\"inLanguage\":\"fr-FR\",\"potentialAction\":[{\"@type\":\"ReadAction\",\"target\":[\"https:\/\/www.tuinenblondiau.be\/fr\/diensten\/architecture-paysager\/\"]}]},{\"@type\":\"BreadcrumbList\",\"@id\":\"https:\/\/www.tuinenblondiau.be\/fr\/diensten\/architecture-paysager\/#breadcrumb\",\"itemListElement\":[{\"@type\":\"ListItem\",\"position\":1,\"name\":\"Start\",\"item\":\"https:\/\/www.tuinenblondiau.be\/fr\/\"},{\"@type\":\"ListItem\",\"position\":2,\"name\":\"Services\",\"item\":\"https:\/\/www.tuinenblondiau.be\/fr\/diensten\/\"},{\"@type\":\"ListItem\",\"position\":3,\"name\":\"Architecture de paysage\"}]},{\"@type\":\"WebSite\",\"@id\":\"https:\/\/www.tuinenblondiau.be\/nl\/#website\",\"url\":\"https:\/\/www.tuinenblondiau.be\/nl\/\",\"name\":\"Welkom - Tuinen Blondiau\",\"description\":\"Tuinonderneming Blondiau is opgericht in 1997 als eenmanszaak en is nu hedendaags uitgegroeid als bvba waarbij drie erkende aannemers Johan , Jens en Pieter uw tuindromen realiseren\",\"publisher\":{\"@id\":\"https:\/\/www.tuinenblondiau.be\/nl\/#organization\"},\"potentialAction\":[{\"@type\":\"SearchAction\",\"target\":{\"@type\":\"EntryPoint\",\"urlTemplate\":\"https:\/\/www.tuinenblondiau.be\/nl\/?s={search_term_string}\"},\"query-input\":{\"@type\":\"PropertyValueSpecification\",\"valueRequired\":true,\"valueName\":\"search_term_string\"}}],\"inLanguage\":\"fr-FR\"},{\"@type\":\"Organization\",\"@id\":\"https:\/\/www.tuinenblondiau.be\/nl\/#organization\",\"name\":\"Tuinen Blondiau\",\"url\":\"https:\/\/www.tuinenblondiau.be\/nl\/\",\"logo\":{\"@type\":\"ImageObject\",\"inLanguage\":\"fr-FR\",\"@id\":\"https:\/\/www.tuinenblondiau.be\/nl\/#\/schema\/logo\/image\/\",\"url\":\"https:\/\/www.tuinenblondiau.be\/wp-content\/uploads\/2021\/06\/logo.png\",\"contentUrl\":\"https:\/\/www.tuinenblondiau.be\/wp-content\/uploads\/2021\/06\/logo.png\",\"width\":220,\"height\":137,\"caption\":\"Tuinen Blondiau\"},\"image\":{\"@id\":\"https:\/\/www.tuinenblondiau.be\/nl\/#\/schema\/logo\/image\/\"},\"sameAs\":[\"https:\/\/www.facebook.com\/tuinenblondiau\/\"]}]}<\/script>\n<!-- \/ Yoast SEO plugin. -->","yoast_head_json":{"title":"Architecture de paysage - Welkom - Tuinen Blondiau","robots":{"index":"index","follow":"follow","max-snippet":"max-snippet:-1","max-image-preview":"max-image-preview:large","max-video-preview":"max-video-preview:-1"},"canonical":"https:\/\/www.tuinenblondiau.be\/fr\/diensten\/architecture-paysager\/","og_locale":"fr_FR","og_type":"article","og_title":"Architecture de paysage - Welkom - Tuinen Blondiau","og_description":"Chaque jardin est unique&#8230; En cr\u00e9ant un plan de jardin...","og_url":"https:\/\/www.tuinenblondiau.be\/fr\/diensten\/architecture-paysager\/","og_site_name":"Welkom - Tuinen Blondiau","article_publisher":"https:\/\/www.facebook.com\/tuinenblondiau\/","article_modified_time":"2021-06-15T07:17:13+00:00","og_image":[{"width":220,"height":137,"url":"https:\/\/www.tuinenblondiau.be\/wp-content\/uploads\/2021\/06\/logo.png","type":"image\/png"}],"twitter_card":"summary_large_image","twitter_misc":{"Dur\u00e9e de lecture estim\u00e9e":"1 minute"},"schema":{"@context":"https:\/\/schema.org","@graph":[{"@type":"WebPage","@id":"https:\/\/www.tuinenblondiau.be\/fr\/diensten\/architecture-paysager\/","url":"https:\/\/www.tuinenblondiau.be\/fr\/diensten\/architecture-paysager\/","name":"Architecture de paysage - Welkom - Tuinen Blondiau","isPartOf":{"@id":"https:\/\/www.tuinenblondiau.be\/nl\/#website"},"datePublished":"2021-06-08T11:29:56+00:00","dateModified":"2021-06-15T07:17:13+00:00","breadcrumb":{"@id":"https:\/\/www.tuinenblondiau.be\/fr\/diensten\/architecture-paysager\/#breadcrumb"},"inLanguage":"fr-FR","potentialAction":[{"@type":"ReadAction","target":["https:\/\/www.tuinenblondiau.be\/fr\/diensten\/architecture-paysager\/"]}]},{"@type":"BreadcrumbList","@id":"https:\/\/www.tuinenblondiau.be\/fr\/diensten\/architecture-paysager\/#breadcrumb","itemListElement":[{"@type":"ListItem","position":1,"name":"Start","item":"https:\/\/www.tuinenblondiau.be\/fr\/"},{"@type":"ListItem","position":2,"name":"Services","item":"https:\/\/www.tuinenblondiau.be\/fr\/diensten\/"},{"@type":"ListItem","position":3,"name":"Architecture de paysage"}]},{"@type":"WebSite","@id":"https:\/\/www.tuinenblondiau.be\/nl\/#website","url":"https:\/\/www.tuinenblondiau.be\/nl\/","name":"Welkom - Tuinen Blondiau","description":"Tuinonderneming Blondiau is opgericht in 1997 als eenmanszaak en is nu hedendaags uitgegroeid als bvba waarbij drie erkende aannemers Johan , Jens en Pieter uw tuindromen realiseren","publisher":{"@id":"https:\/\/www.tuinenblondiau.be\/nl\/#organization"},"potentialAction":[{"@type":"SearchAction","target":{"@type":"EntryPoint","urlTemplate":"https:\/\/www.tuinenblondiau.be\/nl\/?s={search_term_string}"},"query-input":{"@type":"PropertyValueSpecification","valueRequired":true,"valueName":"search_term_string"}}],"inLanguage":"fr-FR"},{"@type":"Organization","@id":"https:\/\/www.tuinenblondiau.be\/nl\/#organization","name":"Tuinen Blondiau","url":"https:\/\/www.tuinenblondiau.be\/nl\/","logo":{"@type":"ImageObject","inLanguage":"fr-FR","@id":"https:\/\/www.tuinenblondiau.be\/nl\/#\/schema\/logo\/image\/","url":"https:\/\/www.tuinenblondiau.be\/wp-content\/uploads\/2021\/06\/logo.png","contentUrl":"https:\/\/www.tuinenblondiau.be\/wp-content\/uploads\/2021\/06\/logo.png","width":220,"height":137,"caption":"Tuinen Blondiau"},"image":{"@id":"https:\/\/www.tuinenblondiau.be\/nl\/#\/schema\/logo\/image\/"},"sameAs":["https:\/\/www.facebook.com\/tuinenblondiau\/"]}]}},"_links":{"self":[{"href":"https:\/\/www.tuinenblondiau.be\/fr\/wp-json\/wp\/v2\/pages\/802","targetHints":{"allow":["GET"]}}],"collection":[{"href":"https:\/\/www.tuinenblondiau.be\/fr\/wp-json\/wp\/v2\/pages"}],"about":[{"href":"https:\/\/www.tuinenblondiau.be\/fr\/wp-json\/wp\/v2\/types\/page"}],"author":[{"embeddable":true,"href":"https:\/\/www.tuinenblondiau.be\/fr\/wp-json\/wp\/v2\/users\/1"}],"replies":[{"embeddable":true,"href":"https:\/\/www.tuinenblondiau.be\/fr\/wp-json\/wp\/v2\/comments?post=802"}],"version-history":[{"count":0,"href":"https:\/\/www.tuinenblondiau.be\/fr\/wp-json\/wp\/v2\/pages\/802\/revisions"}],"up":[{"embeddable":true,"href":"https:\/\/www.tuinenblondiau.be\/fr\/wp-json\/wp\/v2\/pages\/800"}],"wp:attachment":[{"href":"https:\/\/www.tuinenblondiau.be\/fr\/wp-json\/wp\/v2\/media?parent=802"}],"curies":[{"name":"wp","href":"https:\/\/api.w.org\/{rel}","templated":true}]}}