{"id":794,"date":"2021-06-08T13:37:09","date_gmt":"2021-06-08T11:37:09","guid":{"rendered":"https:\/\/www.tuinenblondiau.be\/contact\/"},"modified":"2021-06-15T09:09:46","modified_gmt":"2021-06-15T07:09:46","slug":"contact","status":"publish","type":"page","link":"https:\/\/www.tuinenblondiau.be\/fr\/contact\/","title":{"rendered":"Contactez-nous!"},"content":{"rendered":"<div class=\"wpforms-container \" id=\"wpforms-10\"><form id=\"wpforms-form-10\" class=\"wpforms-validate wpforms-form\" data-formid=\"10\" method=\"post\" enctype=\"multipart\/form-data\" action=\"\/fr\/wp-json\/wp\/v2\/pages\/794\" data-token=\"744ff72bc20dd5286738288ad9e612c5\" data-token-time=\"1777515825\"><noscript class=\"wpforms-error-noscript\">Veuillez activer JavaScript dans votre navigateur pour remplir ce formulaire.<\/noscript><div class=\"wpforms-field-container\"><div id=\"wpforms-10-field_4-container\" class=\"wpforms-field wpforms-field-text wpforms-one-half wpforms-first\" data-field-id=\"4\"><label class=\"wpforms-field-label wpforms-label-hide\" for=\"wpforms-10-field_4\">Pr\u00e9nom <span class=\"wpforms-required-label\">*<\/span><\/label><input type=\"text\" id=\"wpforms-10-field_4\" class=\"wpforms-field-large wpforms-field-required\" name=\"wpforms[fields][4]\" placeholder=\"Pr\u00e9nom\" required><\/div><div id=\"wpforms-10-field_5-container\" class=\"wpforms-field wpforms-field-text wpforms-one-half\" data-field-id=\"5\"><label class=\"wpforms-field-label wpforms-label-hide\" for=\"wpforms-10-field_5\">nom de famille <span class=\"wpforms-required-label\">*<\/span><\/label><input type=\"text\" id=\"wpforms-10-field_5\" class=\"wpforms-field-large wpforms-field-required\" name=\"wpforms[fields][5]\" placeholder=\"nom de famille\" required><\/div><div id=\"wpforms-10-field_6-container\" class=\"wpforms-field wpforms-field-text wpforms-one-half wpforms-first\" data-field-id=\"6\"><label class=\"wpforms-field-label wpforms-label-hide\" for=\"wpforms-10-field_6\">Adresse e-mail <span class=\"wpforms-required-label\">*<\/span><\/label><input type=\"text\" id=\"wpforms-10-field_6\" class=\"wpforms-field-large wpforms-field-required\" name=\"wpforms[fields][6]\" placeholder=\"Adresse e-mail\" required><\/div><div id=\"wpforms-10-field_7-container\" class=\"wpforms-field wpforms-field-text wpforms-one-half\" data-field-id=\"7\"><label class=\"wpforms-field-label wpforms-label-hide\" for=\"wpforms-10-field_7\">num\u00e9ro de t\u00e9l\u00e9phone <span class=\"wpforms-required-label\">*<\/span><\/label><input type=\"text\" id=\"wpforms-10-field_7\" class=\"wpforms-field-large wpforms-field-required\" name=\"wpforms[fields][7]\" placeholder=\"num\u00e9ro de t\u00e9l\u00e9phone\" required><\/div><div id=\"wpforms-10-field_8-container\" class=\"wpforms-field wpforms-field-textarea\" data-field-id=\"8\"><label class=\"wpforms-field-label wpforms-label-hide\" for=\"wpforms-10-field_8\">Message ou question <span class=\"wpforms-required-label\">*<\/span><\/label><textarea id=\"wpforms-10-field_8\" class=\"wpforms-field-medium wpforms-field-required\" name=\"wpforms[fields][8]\" placeholder=\"Message ou question\" required><\/textarea><\/div><div id=\"wpforms-10-field_9-container\" class=\"wpforms-field wpforms-field-html\" data-field-id=\"9\"><div id=\"wpforms-10-field_9\">Nous respectons votre <a href=\"https:\/\/www.tuinenblondiau.be\/privacy-policy\" target=\"_blank\">vie priv\u00e9e<\/a>. Vos donn\u00e9es seront toujours trait\u00e9es de mani\u00e8re confidentielle.<\/div><\/div><\/div><!-- .wpforms-field-container --><div class=\"wpforms-field wpforms-field-hp\"><label for=\"wpforms-10-field-hp\" class=\"wpforms-field-label\">Website<\/label><input type=\"text\" name=\"wpforms[hp]\" id=\"wpforms-10-field-hp\" class=\"wpforms-field-medium\"><\/div><div class=\"wpforms-recaptcha-container wpforms-is-recaptcha wpforms-is-recaptcha-type-v3\" ><input type=\"hidden\" name=\"wpforms[recaptcha]\" value=\"\"><\/div><div class=\"wpforms-submit-container\" ><input type=\"hidden\" name=\"wpforms[id]\" value=\"10\"><input type=\"hidden\" name=\"page_title\" value=\"\"><input type=\"hidden\" name=\"page_url\" value=\"https:\/\/www.tuinenblondiau.be\/fr\/wp-json\/wp\/v2\/pages\/794\"><input type=\"hidden\" name=\"url_referer\" value=\"\"><button type=\"submit\" name=\"wpforms[submit]\" id=\"wpforms-submit-10\" class=\"wpforms-submit\" data-alt-text=\"Exp\u00e9dier\" data-submit-text=\"Exp\u00e9dier\" aria-live=\"assertive\" value=\"wpforms-submit\">Exp\u00e9dier<\/button><\/div><\/form><\/div>  <!-- .wpforms-container -->\n","protected":false},"excerpt":{"rendered":"","protected":false},"author":1,"featured_media":0,"parent":0,"menu_order":3,"comment_status":"closed","ping_status":"closed","template":"page-contact.php","meta":{"_acf_changed":false,"inline_featured_image":false,"footnotes":""},"class_list":["post-794","page","type-page","status-publish","hentry"],"acf":[],"yoast_head":"<!-- This site is optimized with the Yoast SEO plugin v27.0 - https:\/\/yoast.com\/product\/yoast-seo-wordpress\/ -->\n<title>Contactez-nous! - Welkom - Tuinen Blondiau<\/title>\n<meta name=\"robots\" content=\"index, follow, max-snippet:-1, max-image-preview:large, max-video-preview:-1\" \/>\n<link rel=\"canonical\" href=\"https:\/\/www.tuinenblondiau.be\/fr\/contact\/\" \/>\n<meta property=\"og:locale\" content=\"fr_FR\" \/>\n<meta property=\"og:type\" content=\"article\" \/>\n<meta property=\"og:title\" content=\"Contactez-nous! - Welkom - Tuinen Blondiau\" \/>\n<meta property=\"og:url\" content=\"https:\/\/www.tuinenblondiau.be\/fr\/contact\/\" \/>\n<meta property=\"og:site_name\" content=\"Welkom - Tuinen Blondiau\" \/>\n<meta property=\"article:publisher\" content=\"https:\/\/www.facebook.com\/tuinenblondiau\/\" \/>\n<meta property=\"article:modified_time\" content=\"2021-06-15T07:09:46+00:00\" \/>\n<meta property=\"og:image\" content=\"https:\/\/www.tuinenblondiau.be\/wp-content\/uploads\/2021\/06\/logo.png\" \/>\n\t<meta property=\"og:image:width\" content=\"220\" \/>\n\t<meta property=\"og:image:height\" content=\"137\" \/>\n\t<meta property=\"og:image:type\" content=\"image\/png\" \/>\n<meta name=\"twitter:card\" content=\"summary_large_image\" \/>\n<meta name=\"twitter:label1\" content=\"Dur\u00e9e de lecture estim\u00e9e\" \/>\n\t<meta name=\"twitter:data1\" content=\"1 minute\" \/>\n<script type=\"application\/ld+json\" class=\"yoast-schema-graph\">{\"@context\":\"https:\/\/schema.org\",\"@graph\":[{\"@type\":\"WebPage\",\"@id\":\"https:\/\/www.tuinenblondiau.be\/fr\/contact\/\",\"url\":\"https:\/\/www.tuinenblondiau.be\/fr\/contact\/\",\"name\":\"Contactez-nous! - Welkom - Tuinen Blondiau\",\"isPartOf\":{\"@id\":\"https:\/\/www.tuinenblondiau.be\/nl\/#website\"},\"datePublished\":\"2021-06-08T11:37:09+00:00\",\"dateModified\":\"2021-06-15T07:09:46+00:00\",\"breadcrumb\":{\"@id\":\"https:\/\/www.tuinenblondiau.be\/fr\/contact\/#breadcrumb\"},\"inLanguage\":\"fr-FR\",\"potentialAction\":[{\"@type\":\"ReadAction\",\"target\":[\"https:\/\/www.tuinenblondiau.be\/fr\/contact\/\"]}]},{\"@type\":\"BreadcrumbList\",\"@id\":\"https:\/\/www.tuinenblondiau.be\/fr\/contact\/#breadcrumb\",\"itemListElement\":[{\"@type\":\"ListItem\",\"position\":1,\"name\":\"Start\",\"item\":\"https:\/\/www.tuinenblondiau.be\/fr\/\"},{\"@type\":\"ListItem\",\"position\":2,\"name\":\"Contactez-nous!\"}]},{\"@type\":\"WebSite\",\"@id\":\"https:\/\/www.tuinenblondiau.be\/nl\/#website\",\"url\":\"https:\/\/www.tuinenblondiau.be\/nl\/\",\"name\":\"Welkom - Tuinen Blondiau\",\"description\":\"Tuinonderneming Blondiau is opgericht in 1997 als eenmanszaak en is nu hedendaags uitgegroeid als bvba waarbij drie erkende aannemers Johan , Jens en Pieter uw tuindromen realiseren\",\"publisher\":{\"@id\":\"https:\/\/www.tuinenblondiau.be\/nl\/#organization\"},\"potentialAction\":[{\"@type\":\"SearchAction\",\"target\":{\"@type\":\"EntryPoint\",\"urlTemplate\":\"https:\/\/www.tuinenblondiau.be\/nl\/?s={search_term_string}\"},\"query-input\":{\"@type\":\"PropertyValueSpecification\",\"valueRequired\":true,\"valueName\":\"search_term_string\"}}],\"inLanguage\":\"fr-FR\"},{\"@type\":\"Organization\",\"@id\":\"https:\/\/www.tuinenblondiau.be\/nl\/#organization\",\"name\":\"Tuinen Blondiau\",\"url\":\"https:\/\/www.tuinenblondiau.be\/nl\/\",\"logo\":{\"@type\":\"ImageObject\",\"inLanguage\":\"fr-FR\",\"@id\":\"https:\/\/www.tuinenblondiau.be\/nl\/#\/schema\/logo\/image\/\",\"url\":\"https:\/\/www.tuinenblondiau.be\/wp-content\/uploads\/2021\/06\/logo.png\",\"contentUrl\":\"https:\/\/www.tuinenblondiau.be\/wp-content\/uploads\/2021\/06\/logo.png\",\"width\":220,\"height\":137,\"caption\":\"Tuinen Blondiau\"},\"image\":{\"@id\":\"https:\/\/www.tuinenblondiau.be\/nl\/#\/schema\/logo\/image\/\"},\"sameAs\":[\"https:\/\/www.facebook.com\/tuinenblondiau\/\"]}]}<\/script>\n<!-- \/ Yoast SEO plugin. -->","yoast_head_json":{"title":"Contactez-nous! - Welkom - Tuinen Blondiau","robots":{"index":"index","follow":"follow","max-snippet":"max-snippet:-1","max-image-preview":"max-image-preview:large","max-video-preview":"max-video-preview:-1"},"canonical":"https:\/\/www.tuinenblondiau.be\/fr\/contact\/","og_locale":"fr_FR","og_type":"article","og_title":"Contactez-nous! - Welkom - Tuinen Blondiau","og_url":"https:\/\/www.tuinenblondiau.be\/fr\/contact\/","og_site_name":"Welkom - Tuinen Blondiau","article_publisher":"https:\/\/www.facebook.com\/tuinenblondiau\/","article_modified_time":"2021-06-15T07:09:46+00:00","og_image":[{"width":220,"height":137,"url":"https:\/\/www.tuinenblondiau.be\/wp-content\/uploads\/2021\/06\/logo.png","type":"image\/png"}],"twitter_card":"summary_large_image","twitter_misc":{"Dur\u00e9e de lecture estim\u00e9e":"1 minute"},"schema":{"@context":"https:\/\/schema.org","@graph":[{"@type":"WebPage","@id":"https:\/\/www.tuinenblondiau.be\/fr\/contact\/","url":"https:\/\/www.tuinenblondiau.be\/fr\/contact\/","name":"Contactez-nous! - Welkom - Tuinen Blondiau","isPartOf":{"@id":"https:\/\/www.tuinenblondiau.be\/nl\/#website"},"datePublished":"2021-06-08T11:37:09+00:00","dateModified":"2021-06-15T07:09:46+00:00","breadcrumb":{"@id":"https:\/\/www.tuinenblondiau.be\/fr\/contact\/#breadcrumb"},"inLanguage":"fr-FR","potentialAction":[{"@type":"ReadAction","target":["https:\/\/www.tuinenblondiau.be\/fr\/contact\/"]}]},{"@type":"BreadcrumbList","@id":"https:\/\/www.tuinenblondiau.be\/fr\/contact\/#breadcrumb","itemListElement":[{"@type":"ListItem","position":1,"name":"Start","item":"https:\/\/www.tuinenblondiau.be\/fr\/"},{"@type":"ListItem","position":2,"name":"Contactez-nous!"}]},{"@type":"WebSite","@id":"https:\/\/www.tuinenblondiau.be\/nl\/#website","url":"https:\/\/www.tuinenblondiau.be\/nl\/","name":"Welkom - Tuinen Blondiau","description":"Tuinonderneming Blondiau is opgericht in 1997 als eenmanszaak en is nu hedendaags uitgegroeid als bvba waarbij drie erkende aannemers Johan , Jens en Pieter uw tuindromen realiseren","publisher":{"@id":"https:\/\/www.tuinenblondiau.be\/nl\/#organization"},"potentialAction":[{"@type":"SearchAction","target":{"@type":"EntryPoint","urlTemplate":"https:\/\/www.tuinenblondiau.be\/nl\/?s={search_term_string}"},"query-input":{"@type":"PropertyValueSpecification","valueRequired":true,"valueName":"search_term_string"}}],"inLanguage":"fr-FR"},{"@type":"Organization","@id":"https:\/\/www.tuinenblondiau.be\/nl\/#organization","name":"Tuinen Blondiau","url":"https:\/\/www.tuinenblondiau.be\/nl\/","logo":{"@type":"ImageObject","inLanguage":"fr-FR","@id":"https:\/\/www.tuinenblondiau.be\/nl\/#\/schema\/logo\/image\/","url":"https:\/\/www.tuinenblondiau.be\/wp-content\/uploads\/2021\/06\/logo.png","contentUrl":"https:\/\/www.tuinenblondiau.be\/wp-content\/uploads\/2021\/06\/logo.png","width":220,"height":137,"caption":"Tuinen Blondiau"},"image":{"@id":"https:\/\/www.tuinenblondiau.be\/nl\/#\/schema\/logo\/image\/"},"sameAs":["https:\/\/www.facebook.com\/tuinenblondiau\/"]}]}},"_links":{"self":[{"href":"https:\/\/www.tuinenblondiau.be\/fr\/wp-json\/wp\/v2\/pages\/794","targetHints":{"allow":["GET"]}}],"collection":[{"href":"https:\/\/www.tuinenblondiau.be\/fr\/wp-json\/wp\/v2\/pages"}],"about":[{"href":"https:\/\/www.tuinenblondiau.be\/fr\/wp-json\/wp\/v2\/types\/page"}],"author":[{"embeddable":true,"href":"https:\/\/www.tuinenblondiau.be\/fr\/wp-json\/wp\/v2\/users\/1"}],"replies":[{"embeddable":true,"href":"https:\/\/www.tuinenblondiau.be\/fr\/wp-json\/wp\/v2\/comments?post=794"}],"version-history":[{"count":0,"href":"https:\/\/www.tuinenblondiau.be\/fr\/wp-json\/wp\/v2\/pages\/794\/revisions"}],"wp:attachment":[{"href":"https:\/\/www.tuinenblondiau.be\/fr\/wp-json\/wp\/v2\/media?parent=794"}],"curies":[{"name":"wp","href":"https:\/\/api.w.org\/{rel}","templated":true}]}}